{"id":7510,"date":"2024-05-03T14:40:58","date_gmt":"2024-05-03T14:40:58","guid":{"rendered":"https:\/\/accademia-italiana.it\/test-your-italian\/"},"modified":"2024-06-25T06:10:28","modified_gmt":"2024-06-25T06:10:28","slug":"test-your-italian","status":"publish","type":"page","link":"https:\/\/accademia-italiana.it\/pt\/cursos\/test-your-italian\/","title":{"rendered":"Teste o seu italiano"},"content":{"rendered":"<style>.kb-row-layout-id3271_819ae5-52 > .kt-row-column-wrap{align-content:start;}:where(.kb-row-layout-id3271_819ae5-52 > .kt-row-column-wrap) > .wp-block-kadence-column{justify-content:start;}.kb-row-layout-id3271_819ae5-52 > .kt-row-column-wrap{column-gap:var(--global-kb-gap-md, 2rem);row-gap:var(--global-kb-gap-md, 2rem);max-width:var( --global-content-width, 1400px );padding-left:var(--global-content-edge-padding);padding-right:var(--global-content-edge-padding);padding-top:var(--global-kb-spacing-lg, 3rem);padding-bottom:var(--global-kb-spacing-lg, 3rem);grid-template-columns:minmax(0, 1fr);}.kb-row-layout-id3271_819ae5-52 > .kt-row-layout-overlay{opacity:0.30;}@media all and (max-width: 1024px){.kb-row-layout-id3271_819ae5-52 > .kt-row-column-wrap{grid-template-columns:minmax(0, 1fr);}}@media all and (max-width: 767px){.kb-row-layout-id3271_819ae5-52 > .kt-row-column-wrap{grid-template-columns:minmax(0, 1fr);}}<\/style><div class=\"kb-row-layout-wrap kb-row-layout-id3271_819ae5-52 alignfull has-theme-palette9-background-color kt-row-has-bg wp-block-kadence-rowlayout\"><div class=\"kt-row-column-wrap kt-has-1-columns kt-row-layout-equal kt-tab-layout-inherit kt-mobile-layout-row kt-row-valign-top kb-theme-content-width\">\n<style>.kadence-column3271_d7e1de-a9 > .kt-inside-inner-col,.kadence-column3271_d7e1de-a9 > .kt-inside-inner-col:before{border-top-left-radius:0px;border-top-right-radius:0px;border-bottom-right-radius:0px;border-bottom-left-radius:0px;}.kadence-column3271_d7e1de-a9 > .kt-inside-inner-col{column-gap:var(--global-kb-gap-sm, 1rem);}.kadence-column3271_d7e1de-a9 > .kt-inside-inner-col{flex-direction:column;}.kadence-column3271_d7e1de-a9 > .kt-inside-inner-col > .aligncenter{width:100%;}.kadence-column3271_d7e1de-a9 > .kt-inside-inner-col:before{opacity:0.3;}.kadence-column3271_d7e1de-a9{position:relative;}@media all and (max-width: 1024px){.kadence-column3271_d7e1de-a9 > .kt-inside-inner-col{flex-direction:column;justify-content:center;}}@media all and (max-width: 767px){.kadence-column3271_d7e1de-a9 > .kt-inside-inner-col{flex-direction:column;justify-content:center;}}<\/style>\n<div class=\"wp-block-kadence-column kadence-column3271_d7e1de-a9\"><div class=\"kt-inside-inner-col\">\n<iframe loading=\"lazy\" style=\"border:none !important;display: block; margin-left: auto; margin-right: auto;\" src=\"https:\/\/docs.google.com\/forms\/d\/e\/1FAIpQLSe89zqVLXRRGTuw5BdFOuFqMFvh5XmKKDyaBqtHc_zZ-peaaQ\/viewform?embedded=true\" width=\"100%\" height=\"4000px\" marginwidth=\"0\" marginheight=\"0\">Caricamento in corso&#8230;<\/iframe>\n<\/div><\/div>\n\n<\/div><\/div>","protected":false},"excerpt":{"rendered":"<p>Caricamento in corso&#8230;<\/p>\n","protected":false},"author":1,"featured_media":7243,"parent":0,"menu_order":338,"comment_status":"closed","ping_status":"closed","template":"","meta":{"_acf_changed":false,"_kad_blocks_custom_css":"","_kad_blocks_head_custom_js":"","_kad_blocks_body_custom_js":"","_kad_blocks_footer_custom_js":"","_kad_post_transparent":"","_kad_post_title":"","_kad_post_layout":"","_kad_post_sidebar_id":"","_kad_post_content_style":"","_kad_post_vertical_padding":"","_kad_post_feature":"","_kad_post_feature_position":"","_kad_post_header":false,"_kad_post_footer":false,"footnotes":""},"school":[],"class_list":["post-7510","page","type-page","status-publish","has-post-thumbnail","hentry"],"acf":[],"yoast_head":"<!-- This site is optimized with the Yoast SEO plugin v26.8 - https:\/\/yoast.com\/product\/yoast-seo-wordpress\/ -->\n<title>Teste as suas compet\u00eancias de l\u00edngua italiana online | Accademia Italiana<\/title>\n<meta name=\"description\" content=\"Teste os seus conhecimentos de italiano com o teste de profici\u00eancia online gratuito da Accademia Italiana. Descubra o melhor curso para o seu n\u00edvel em Salerno e N\u00e1poles.\" \/>\n<meta name=\"robots\" content=\"index, follow, max-snippet:-1, max-image-preview:large, max-video-preview:-1\" \/>\n<link rel=\"canonical\" href=\"https:\/\/accademia-italiana.it\/pt\/cursos\/test-your-italian\/\" \/>\n<meta property=\"og:locale\" content=\"pt_PT\" \/>\n<meta property=\"og:type\" content=\"article\" \/>\n<meta property=\"og:title\" content=\"Teste as suas compet\u00eancias de l\u00edngua italiana online | Accademia Italiana\" \/>\n<meta property=\"og:description\" content=\"Teste os seus conhecimentos de italiano com o teste de profici\u00eancia online gratuito da Accademia Italiana. Descubra o melhor curso para o seu n\u00edvel em Salerno e N\u00e1poles.\" \/>\n<meta property=\"og:url\" content=\"https:\/\/accademia-italiana.it\/pt\/cursos\/test-your-italian\/\" \/>\n<meta property=\"og:site_name\" content=\"Accademia Italiana\" \/>\n<meta property=\"article:modified_time\" content=\"2024-06-25T06:10:28+00:00\" \/>\n<meta property=\"og:image\" content=\"https:\/\/accademia-italiana.it\/wp-content\/uploads\/2024\/04\/ais-bg2.jpg\" \/>\n\t<meta property=\"og:image:width\" content=\"900\" \/>\n\t<meta property=\"og:image:height\" content=\"721\" \/>\n\t<meta property=\"og:image:type\" content=\"image\/jpeg\" \/>\n<meta name=\"twitter:card\" content=\"summary_large_image\" \/>\n<meta name=\"twitter:label1\" content=\"Est. reading time\" \/>\n\t<meta name=\"twitter:data1\" content=\"1 minute\" \/>\n<script type=\"application\/ld+json\" class=\"yoast-schema-graph\">{\"@context\":\"https:\/\/schema.org\",\"@graph\":[{\"@type\":\"WebPage\",\"@id\":\"https:\/\/accademia-italiana.it\/pt\/cursos\/test-your-italian\/\",\"url\":\"https:\/\/accademia-italiana.it\/pt\/cursos\/test-your-italian\/\",\"name\":\"Teste as suas compet\u00eancias de l\u00edngua italiana online | Accademia Italiana\",\"isPartOf\":{\"@id\":\"https:\/\/accademia-italiana.it\/pt\/#website\"},\"primaryImageOfPage\":{\"@id\":\"https:\/\/accademia-italiana.it\/pt\/cursos\/test-your-italian\/#primaryimage\"},\"image\":{\"@id\":\"https:\/\/accademia-italiana.it\/pt\/cursos\/test-your-italian\/#primaryimage\"},\"thumbnailUrl\":\"https:\/\/accademia-italiana.it\/wp-content\/uploads\/2024\/04\/ais-bg2.jpg\",\"datePublished\":\"2024-05-03T14:40:58+00:00\",\"dateModified\":\"2024-06-25T06:10:28+00:00\",\"description\":\"Teste os seus conhecimentos de italiano com o teste de profici\u00eancia online gratuito da Accademia Italiana. Descubra o melhor curso para o seu n\u00edvel em Salerno e N\u00e1poles.\",\"breadcrumb\":{\"@id\":\"https:\/\/accademia-italiana.it\/pt\/cursos\/test-your-italian\/#breadcrumb\"},\"inLanguage\":\"pt\",\"potentialAction\":[{\"@type\":\"ReadAction\",\"target\":[\"https:\/\/accademia-italiana.it\/pt\/cursos\/test-your-italian\/\"]}]},{\"@type\":\"ImageObject\",\"inLanguage\":\"pt\",\"@id\":\"https:\/\/accademia-italiana.it\/pt\/cursos\/test-your-italian\/#primaryimage\",\"url\":\"https:\/\/accademia-italiana.it\/wp-content\/uploads\/2024\/04\/ais-bg2.jpg\",\"contentUrl\":\"https:\/\/accademia-italiana.it\/wp-content\/uploads\/2024\/04\/ais-bg2.jpg\",\"width\":900,\"height\":721,\"caption\":\"Colorful building facade with intricately designed windows, small decorative balconies, and an ornate street lamp in front. The walls are painted in pink and gray hues.\"},{\"@type\":\"BreadcrumbList\",\"@id\":\"https:\/\/accademia-italiana.it\/pt\/cursos\/test-your-italian\/#breadcrumb\",\"itemListElement\":[{\"@type\":\"ListItem\",\"position\":1,\"name\":\"Home\",\"item\":\"https:\/\/accademia-italiana.it\/pt\/\"},{\"@type\":\"ListItem\",\"position\":2,\"name\":\"Teste o seu italiano\"}]},{\"@type\":\"WebSite\",\"@id\":\"https:\/\/accademia-italiana.it\/pt\/#website\",\"url\":\"https:\/\/accademia-italiana.it\/pt\/\",\"name\":\"Accademia Italiana\",\"description\":\"Italian Language School in Italy\",\"publisher\":{\"@id\":\"https:\/\/accademia-italiana.it\/pt\/#organization\"},\"potentialAction\":[{\"@type\":\"SearchAction\",\"target\":{\"@type\":\"EntryPoint\",\"urlTemplate\":\"https:\/\/accademia-italiana.it\/pt\/?s={search_term_string}\"},\"query-input\":{\"@type\":\"PropertyValueSpecification\",\"valueRequired\":true,\"valueName\":\"search_term_string\"}}],\"inLanguage\":\"pt\"},{\"@type\":\"Organization\",\"@id\":\"https:\/\/accademia-italiana.it\/pt\/#organization\",\"name\":\"Italian Language School in Italy, italian language school, italian language courses, language school Italyee\",\"url\":\"https:\/\/accademia-italiana.it\/pt\/\",\"logo\":{\"@type\":\"ImageObject\",\"inLanguage\":\"pt\",\"@id\":\"https:\/\/accademia-italiana.it\/pt\/#\/schema\/logo\/image\/\",\"url\":\"https:\/\/accademia-italiana.it\/wp-content\/uploads\/2024\/04\/logo-accademia-semplice-01-Photoroom.png-Photoroom.svg\",\"contentUrl\":\"https:\/\/accademia-italiana.it\/wp-content\/uploads\/2024\/04\/logo-accademia-semplice-01-Photoroom.png-Photoroom.svg\",\"caption\":\"Italian Language School in Italy, italian language school, italian language courses, language school Italyee\"},\"image\":{\"@id\":\"https:\/\/accademia-italiana.it\/pt\/#\/schema\/logo\/image\/\"}}]}<\/script>\n<!-- \/ Yoast SEO plugin. -->","yoast_head_json":{"title":"Teste as suas compet\u00eancias de l\u00edngua italiana online | Accademia Italiana","description":"Teste os seus conhecimentos de italiano com o teste de profici\u00eancia online gratuito da Accademia Italiana. Descubra o melhor curso para o seu n\u00edvel em Salerno e N\u00e1poles.","robots":{"index":"index","follow":"follow","max-snippet":"max-snippet:-1","max-image-preview":"max-image-preview:large","max-video-preview":"max-video-preview:-1"},"canonical":"https:\/\/accademia-italiana.it\/pt\/cursos\/test-your-italian\/","og_locale":"pt_PT","og_type":"article","og_title":"Teste as suas compet\u00eancias de l\u00edngua italiana online | Accademia Italiana","og_description":"Teste os seus conhecimentos de italiano com o teste de profici\u00eancia online gratuito da Accademia Italiana. Descubra o melhor curso para o seu n\u00edvel em Salerno e N\u00e1poles.","og_url":"https:\/\/accademia-italiana.it\/pt\/cursos\/test-your-italian\/","og_site_name":"Accademia Italiana","article_modified_time":"2024-06-25T06:10:28+00:00","og_image":[{"width":900,"height":721,"url":"https:\/\/accademia-italiana.it\/wp-content\/uploads\/2024\/04\/ais-bg2.jpg","type":"image\/jpeg"}],"twitter_card":"summary_large_image","twitter_misc":{"Est. reading time":"1 minute"},"schema":{"@context":"https:\/\/schema.org","@graph":[{"@type":"WebPage","@id":"https:\/\/accademia-italiana.it\/pt\/cursos\/test-your-italian\/","url":"https:\/\/accademia-italiana.it\/pt\/cursos\/test-your-italian\/","name":"Teste as suas compet\u00eancias de l\u00edngua italiana online | Accademia Italiana","isPartOf":{"@id":"https:\/\/accademia-italiana.it\/pt\/#website"},"primaryImageOfPage":{"@id":"https:\/\/accademia-italiana.it\/pt\/cursos\/test-your-italian\/#primaryimage"},"image":{"@id":"https:\/\/accademia-italiana.it\/pt\/cursos\/test-your-italian\/#primaryimage"},"thumbnailUrl":"https:\/\/accademia-italiana.it\/wp-content\/uploads\/2024\/04\/ais-bg2.jpg","datePublished":"2024-05-03T14:40:58+00:00","dateModified":"2024-06-25T06:10:28+00:00","description":"Teste os seus conhecimentos de italiano com o teste de profici\u00eancia online gratuito da Accademia Italiana. Descubra o melhor curso para o seu n\u00edvel em Salerno e N\u00e1poles.","breadcrumb":{"@id":"https:\/\/accademia-italiana.it\/pt\/cursos\/test-your-italian\/#breadcrumb"},"inLanguage":"pt","potentialAction":[{"@type":"ReadAction","target":["https:\/\/accademia-italiana.it\/pt\/cursos\/test-your-italian\/"]}]},{"@type":"ImageObject","inLanguage":"pt","@id":"https:\/\/accademia-italiana.it\/pt\/cursos\/test-your-italian\/#primaryimage","url":"https:\/\/accademia-italiana.it\/wp-content\/uploads\/2024\/04\/ais-bg2.jpg","contentUrl":"https:\/\/accademia-italiana.it\/wp-content\/uploads\/2024\/04\/ais-bg2.jpg","width":900,"height":721,"caption":"Colorful building facade with intricately designed windows, small decorative balconies, and an ornate street lamp in front. The walls are painted in pink and gray hues."},{"@type":"BreadcrumbList","@id":"https:\/\/accademia-italiana.it\/pt\/cursos\/test-your-italian\/#breadcrumb","itemListElement":[{"@type":"ListItem","position":1,"name":"Home","item":"https:\/\/accademia-italiana.it\/pt\/"},{"@type":"ListItem","position":2,"name":"Teste o seu italiano"}]},{"@type":"WebSite","@id":"https:\/\/accademia-italiana.it\/pt\/#website","url":"https:\/\/accademia-italiana.it\/pt\/","name":"Accademia Italiana","description":"Italian Language School in Italy","publisher":{"@id":"https:\/\/accademia-italiana.it\/pt\/#organization"},"potentialAction":[{"@type":"SearchAction","target":{"@type":"EntryPoint","urlTemplate":"https:\/\/accademia-italiana.it\/pt\/?s={search_term_string}"},"query-input":{"@type":"PropertyValueSpecification","valueRequired":true,"valueName":"search_term_string"}}],"inLanguage":"pt"},{"@type":"Organization","@id":"https:\/\/accademia-italiana.it\/pt\/#organization","name":"Italian Language School in Italy, italian language school, italian language courses, language school Italyee","url":"https:\/\/accademia-italiana.it\/pt\/","logo":{"@type":"ImageObject","inLanguage":"pt","@id":"https:\/\/accademia-italiana.it\/pt\/#\/schema\/logo\/image\/","url":"https:\/\/accademia-italiana.it\/wp-content\/uploads\/2024\/04\/logo-accademia-semplice-01-Photoroom.png-Photoroom.svg","contentUrl":"https:\/\/accademia-italiana.it\/wp-content\/uploads\/2024\/04\/logo-accademia-semplice-01-Photoroom.png-Photoroom.svg","caption":"Italian Language School in Italy, italian language school, italian language courses, language school Italyee"},"image":{"@id":"https:\/\/accademia-italiana.it\/pt\/#\/schema\/logo\/image\/"}}]}},"taxonomy_info":[],"featured_image_src_large":["https:\/\/accademia-italiana.it\/wp-content\/uploads\/2024\/04\/ais-bg2.jpg",900,721,false],"author_info":{"display_name":"admin","author_link":"https:\/\/accademia-italiana.it\/pt\/author\/hemadmin\/"},"comment_info":"","_links":{"self":[{"href":"https:\/\/accademia-italiana.it\/pt\/wp-json\/wp\/v2\/pages\/7510","targetHints":{"allow":["GET"]}}],"collection":[{"href":"https:\/\/accademia-italiana.it\/pt\/wp-json\/wp\/v2\/pages"}],"about":[{"href":"https:\/\/accademia-italiana.it\/pt\/wp-json\/wp\/v2\/types\/page"}],"author":[{"embeddable":true,"href":"https:\/\/accademia-italiana.it\/pt\/wp-json\/wp\/v2\/users\/1"}],"replies":[{"embeddable":true,"href":"https:\/\/accademia-italiana.it\/pt\/wp-json\/wp\/v2\/comments?post=7510"}],"version-history":[{"count":0,"href":"https:\/\/accademia-italiana.it\/pt\/wp-json\/wp\/v2\/pages\/7510\/revisions"}],"wp:featuredmedia":[{"embeddable":true,"href":"https:\/\/accademia-italiana.it\/pt\/wp-json\/wp\/v2\/media\/7243"}],"wp:attachment":[{"href":"https:\/\/accademia-italiana.it\/pt\/wp-json\/wp\/v2\/media?parent=7510"}],"wp:term":[{"taxonomy":"school","embeddable":true,"href":"https:\/\/accademia-italiana.it\/pt\/wp-json\/wp\/v2\/school?post=7510"}],"curies":[{"name":"wp","href":"https:\/\/api.w.org\/{rel}","templated":true}]}}