{"id":6207,"date":"2024-05-02T02:28:41","date_gmt":"2024-05-02T02:28:41","guid":{"rendered":"https:\/\/accademia-italiana.it\/request-information\/"},"modified":"2025-12-03T21:25:37","modified_gmt":"2025-12-03T21:25:37","slug":"demande-information-cours-italien-salerne","status":"publish","type":"page","link":"https:\/\/accademia-italiana.it\/fr\/demande-information-cours-italien-salerne\/","title":{"rendered":"Demande d&rsquo;information"},"content":{"rendered":"","protected":false},"excerpt":{"rendered":"","protected":false},"author":1,"featured_media":13919,"parent":0,"menu_order":277,"comment_status":"closed","ping_status":"closed","template":"","meta":{"_acf_changed":false,"_kad_blocks_custom_css":"","_kad_blocks_head_custom_js":"","_kad_blocks_body_custom_js":"","_kad_blocks_footer_custom_js":"","_kad_post_transparent":"","_kad_post_title":"","_kad_post_layout":"","_kad_post_sidebar_id":"","_kad_post_content_style":"","_kad_post_vertical_padding":"","_kad_post_feature":"","_kad_post_feature_position":"","_kad_post_header":false,"_kad_post_footer":false,"footnotes":""},"school":[],"class_list":["post-6207","page","type-page","status-publish","has-post-thumbnail","hentry"],"acf":[],"yoast_head":"<!-- This site is optimized with the Yoast SEO plugin v26.8 - https:\/\/yoast.com\/product\/yoast-seo-wordpress\/ -->\n<title>Demande d\u2019info cours d\u2019italien \u00e0 Salerne | Accademia Italiana<\/title>\n<meta name=\"description\" content=\"Remplissez le formulaire pour demander des informations sur les cours d\u2019italien \u00e0 Salerne et Naples : contacts de l\u2019\u00e9cole, adresses, t\u00e9l\u00e9phone et Whatsapp.\" \/>\n<meta name=\"robots\" content=\"index, follow, max-snippet:-1, max-image-preview:large, max-video-preview:-1\" \/>\n<link rel=\"canonical\" href=\"https:\/\/accademia-italiana.it\/fr\/demande-information-cours-italien-salerne\/\" \/>\n<meta property=\"og:locale\" content=\"fr_FR\" \/>\n<meta property=\"og:type\" content=\"article\" \/>\n<meta property=\"og:title\" content=\"Demande d\u2019info cours d\u2019italien \u00e0 Salerne | Accademia Italiana\" \/>\n<meta property=\"og:description\" content=\"Remplissez le formulaire pour demander des informations sur les cours d\u2019italien \u00e0 Salerne et Naples : contacts de l\u2019\u00e9cole, adresses, t\u00e9l\u00e9phone et Whatsapp.\" \/>\n<meta property=\"og:url\" content=\"https:\/\/accademia-italiana.it\/fr\/demande-information-cours-italien-salerne\/\" \/>\n<meta property=\"og:site_name\" content=\"Accademia Italiana\" \/>\n<meta property=\"article:modified_time\" content=\"2025-12-03T21:25:37+00:00\" \/>\n<meta property=\"og:image\" content=\"https:\/\/accademia-italiana.it\/wp-content\/uploads\/2024\/12\/ais-campuses-img.png\" \/>\n\t<meta property=\"og:image:width\" content=\"860\" \/>\n\t<meta property=\"og:image:height\" content=\"645\" \/>\n\t<meta property=\"og:image:type\" content=\"image\/png\" \/>\n<meta name=\"twitter:card\" content=\"summary_large_image\" \/>\n<meta name=\"twitter:label1\" content=\"Dur\u00e9e de lecture estim\u00e9e\" \/>\n\t<meta name=\"twitter:data1\" content=\"1 minute\" \/>\n<script type=\"application\/ld+json\" class=\"yoast-schema-graph\">{\"@context\":\"https:\/\/schema.org\",\"@graph\":[{\"@type\":\"WebPage\",\"@id\":\"https:\/\/accademia-italiana.it\/fr\/demande-information-cours-italien-salerne\/\",\"url\":\"https:\/\/accademia-italiana.it\/fr\/demande-information-cours-italien-salerne\/\",\"name\":\"Demande d\u2019info cours d\u2019italien \u00e0 Salerne | Accademia Italiana\",\"isPartOf\":{\"@id\":\"https:\/\/accademia-italiana.it\/fr\/#website\"},\"primaryImageOfPage\":{\"@id\":\"https:\/\/accademia-italiana.it\/fr\/demande-information-cours-italien-salerne\/#primaryimage\"},\"image\":{\"@id\":\"https:\/\/accademia-italiana.it\/fr\/demande-information-cours-italien-salerne\/#primaryimage\"},\"thumbnailUrl\":\"https:\/\/accademia-italiana.it\/wp-content\/uploads\/2024\/12\/ais-campuses-img.png\",\"datePublished\":\"2024-05-02T02:28:41+00:00\",\"dateModified\":\"2025-12-03T21:25:37+00:00\",\"description\":\"Remplissez le formulaire pour demander des informations sur les cours d\u2019italien \u00e0 Salerne et Naples : contacts de l\u2019\u00e9cole, adresses, t\u00e9l\u00e9phone et Whatsapp.\",\"breadcrumb\":{\"@id\":\"https:\/\/accademia-italiana.it\/fr\/demande-information-cours-italien-salerne\/#breadcrumb\"},\"inLanguage\":\"fr-FR\",\"potentialAction\":[{\"@type\":\"ReadAction\",\"target\":[\"https:\/\/accademia-italiana.it\/fr\/demande-information-cours-italien-salerne\/\"]}]},{\"@type\":\"ImageObject\",\"inLanguage\":\"fr-FR\",\"@id\":\"https:\/\/accademia-italiana.it\/fr\/demande-information-cours-italien-salerne\/#primaryimage\",\"url\":\"https:\/\/accademia-italiana.it\/wp-content\/uploads\/2024\/12\/ais-campuses-img.png\",\"contentUrl\":\"https:\/\/accademia-italiana.it\/wp-content\/uploads\/2024\/12\/ais-campuses-img.png\",\"width\":860,\"height\":645,\"caption\":\"Two images depicting individuals standing outside a building, showcasing their casual attire and the architectural features.\"},{\"@type\":\"BreadcrumbList\",\"@id\":\"https:\/\/accademia-italiana.it\/fr\/demande-information-cours-italien-salerne\/#breadcrumb\",\"itemListElement\":[{\"@type\":\"ListItem\",\"position\":1,\"name\":\"Home\",\"item\":\"https:\/\/accademia-italiana.it\/fr\/\"},{\"@type\":\"ListItem\",\"position\":2,\"name\":\"Demande d&rsquo;information\"}]},{\"@type\":\"WebSite\",\"@id\":\"https:\/\/accademia-italiana.it\/fr\/#website\",\"url\":\"https:\/\/accademia-italiana.it\/fr\/\",\"name\":\"Accademia Italiana\",\"description\":\"Italian Language School in Italy\",\"publisher\":{\"@id\":\"https:\/\/accademia-italiana.it\/fr\/#organization\"},\"potentialAction\":[{\"@type\":\"SearchAction\",\"target\":{\"@type\":\"EntryPoint\",\"urlTemplate\":\"https:\/\/accademia-italiana.it\/fr\/?s={search_term_string}\"},\"query-input\":{\"@type\":\"PropertyValueSpecification\",\"valueRequired\":true,\"valueName\":\"search_term_string\"}}],\"inLanguage\":\"fr-FR\"},{\"@type\":\"Organization\",\"@id\":\"https:\/\/accademia-italiana.it\/fr\/#organization\",\"name\":\"Italian Language School in Italy, italian language school, italian language courses, language school Italyee\",\"url\":\"https:\/\/accademia-italiana.it\/fr\/\",\"logo\":{\"@type\":\"ImageObject\",\"inLanguage\":\"fr-FR\",\"@id\":\"https:\/\/accademia-italiana.it\/fr\/#\/schema\/logo\/image\/\",\"url\":\"https:\/\/accademia-italiana.it\/wp-content\/uploads\/2024\/04\/logo-accademia-semplice-01-Photoroom.png-Photoroom.svg\",\"contentUrl\":\"https:\/\/accademia-italiana.it\/wp-content\/uploads\/2024\/04\/logo-accademia-semplice-01-Photoroom.png-Photoroom.svg\",\"caption\":\"Italian Language School in Italy, italian language school, italian language courses, language school Italyee\"},\"image\":{\"@id\":\"https:\/\/accademia-italiana.it\/fr\/#\/schema\/logo\/image\/\"}}]}<\/script>\n<!-- \/ Yoast SEO plugin. -->","yoast_head_json":{"title":"Demande d\u2019info cours d\u2019italien \u00e0 Salerne | Accademia Italiana","description":"Remplissez le formulaire pour demander des informations sur les cours d\u2019italien \u00e0 Salerne et Naples : contacts de l\u2019\u00e9cole, adresses, t\u00e9l\u00e9phone et Whatsapp.","robots":{"index":"index","follow":"follow","max-snippet":"max-snippet:-1","max-image-preview":"max-image-preview:large","max-video-preview":"max-video-preview:-1"},"canonical":"https:\/\/accademia-italiana.it\/fr\/demande-information-cours-italien-salerne\/","og_locale":"fr_FR","og_type":"article","og_title":"Demande d\u2019info cours d\u2019italien \u00e0 Salerne | Accademia Italiana","og_description":"Remplissez le formulaire pour demander des informations sur les cours d\u2019italien \u00e0 Salerne et Naples : contacts de l\u2019\u00e9cole, adresses, t\u00e9l\u00e9phone et Whatsapp.","og_url":"https:\/\/accademia-italiana.it\/fr\/demande-information-cours-italien-salerne\/","og_site_name":"Accademia Italiana","article_modified_time":"2025-12-03T21:25:37+00:00","og_image":[{"width":860,"height":645,"url":"https:\/\/accademia-italiana.it\/wp-content\/uploads\/2024\/12\/ais-campuses-img.png","type":"image\/png"}],"twitter_card":"summary_large_image","twitter_misc":{"Dur\u00e9e de lecture estim\u00e9e":"1 minute"},"schema":{"@context":"https:\/\/schema.org","@graph":[{"@type":"WebPage","@id":"https:\/\/accademia-italiana.it\/fr\/demande-information-cours-italien-salerne\/","url":"https:\/\/accademia-italiana.it\/fr\/demande-information-cours-italien-salerne\/","name":"Demande d\u2019info cours d\u2019italien \u00e0 Salerne | Accademia Italiana","isPartOf":{"@id":"https:\/\/accademia-italiana.it\/fr\/#website"},"primaryImageOfPage":{"@id":"https:\/\/accademia-italiana.it\/fr\/demande-information-cours-italien-salerne\/#primaryimage"},"image":{"@id":"https:\/\/accademia-italiana.it\/fr\/demande-information-cours-italien-salerne\/#primaryimage"},"thumbnailUrl":"https:\/\/accademia-italiana.it\/wp-content\/uploads\/2024\/12\/ais-campuses-img.png","datePublished":"2024-05-02T02:28:41+00:00","dateModified":"2025-12-03T21:25:37+00:00","description":"Remplissez le formulaire pour demander des informations sur les cours d\u2019italien \u00e0 Salerne et Naples : contacts de l\u2019\u00e9cole, adresses, t\u00e9l\u00e9phone et Whatsapp.","breadcrumb":{"@id":"https:\/\/accademia-italiana.it\/fr\/demande-information-cours-italien-salerne\/#breadcrumb"},"inLanguage":"fr-FR","potentialAction":[{"@type":"ReadAction","target":["https:\/\/accademia-italiana.it\/fr\/demande-information-cours-italien-salerne\/"]}]},{"@type":"ImageObject","inLanguage":"fr-FR","@id":"https:\/\/accademia-italiana.it\/fr\/demande-information-cours-italien-salerne\/#primaryimage","url":"https:\/\/accademia-italiana.it\/wp-content\/uploads\/2024\/12\/ais-campuses-img.png","contentUrl":"https:\/\/accademia-italiana.it\/wp-content\/uploads\/2024\/12\/ais-campuses-img.png","width":860,"height":645,"caption":"Two images depicting individuals standing outside a building, showcasing their casual attire and the architectural features."},{"@type":"BreadcrumbList","@id":"https:\/\/accademia-italiana.it\/fr\/demande-information-cours-italien-salerne\/#breadcrumb","itemListElement":[{"@type":"ListItem","position":1,"name":"Home","item":"https:\/\/accademia-italiana.it\/fr\/"},{"@type":"ListItem","position":2,"name":"Demande d&rsquo;information"}]},{"@type":"WebSite","@id":"https:\/\/accademia-italiana.it\/fr\/#website","url":"https:\/\/accademia-italiana.it\/fr\/","name":"Accademia Italiana","description":"Italian Language School in Italy","publisher":{"@id":"https:\/\/accademia-italiana.it\/fr\/#organization"},"potentialAction":[{"@type":"SearchAction","target":{"@type":"EntryPoint","urlTemplate":"https:\/\/accademia-italiana.it\/fr\/?s={search_term_string}"},"query-input":{"@type":"PropertyValueSpecification","valueRequired":true,"valueName":"search_term_string"}}],"inLanguage":"fr-FR"},{"@type":"Organization","@id":"https:\/\/accademia-italiana.it\/fr\/#organization","name":"Italian Language School in Italy, italian language school, italian language courses, language school Italyee","url":"https:\/\/accademia-italiana.it\/fr\/","logo":{"@type":"ImageObject","inLanguage":"fr-FR","@id":"https:\/\/accademia-italiana.it\/fr\/#\/schema\/logo\/image\/","url":"https:\/\/accademia-italiana.it\/wp-content\/uploads\/2024\/04\/logo-accademia-semplice-01-Photoroom.png-Photoroom.svg","contentUrl":"https:\/\/accademia-italiana.it\/wp-content\/uploads\/2024\/04\/logo-accademia-semplice-01-Photoroom.png-Photoroom.svg","caption":"Italian Language School in Italy, italian language school, italian language courses, language school Italyee"},"image":{"@id":"https:\/\/accademia-italiana.it\/fr\/#\/schema\/logo\/image\/"}}]}},"taxonomy_info":[],"featured_image_src_large":["https:\/\/accademia-italiana.it\/wp-content\/uploads\/2024\/12\/ais-campuses-img.png",860,645,false],"author_info":{"display_name":"admin","author_link":"https:\/\/accademia-italiana.it\/fr\/author\/hemadmin\/"},"comment_info":"","_links":{"self":[{"href":"https:\/\/accademia-italiana.it\/fr\/wp-json\/wp\/v2\/pages\/6207","targetHints":{"allow":["GET"]}}],"collection":[{"href":"https:\/\/accademia-italiana.it\/fr\/wp-json\/wp\/v2\/pages"}],"about":[{"href":"https:\/\/accademia-italiana.it\/fr\/wp-json\/wp\/v2\/types\/page"}],"author":[{"embeddable":true,"href":"https:\/\/accademia-italiana.it\/fr\/wp-json\/wp\/v2\/users\/1"}],"replies":[{"embeddable":true,"href":"https:\/\/accademia-italiana.it\/fr\/wp-json\/wp\/v2\/comments?post=6207"}],"version-history":[{"count":0,"href":"https:\/\/accademia-italiana.it\/fr\/wp-json\/wp\/v2\/pages\/6207\/revisions"}],"wp:featuredmedia":[{"embeddable":true,"href":"https:\/\/accademia-italiana.it\/fr\/wp-json\/wp\/v2\/media\/13919"}],"wp:attachment":[{"href":"https:\/\/accademia-italiana.it\/fr\/wp-json\/wp\/v2\/media?parent=6207"}],"wp:term":[{"taxonomy":"school","embeddable":true,"href":"https:\/\/accademia-italiana.it\/fr\/wp-json\/wp\/v2\/school?post=6207"}],"curies":[{"name":"wp","href":"https:\/\/api.w.org\/{rel}","templated":true}]}}