{"id":6670,"date":"2024-05-02T02:28:41","date_gmt":"2024-05-02T02:28:41","guid":{"rendered":"https:\/\/accademia-italiana.it\/request-information\/"},"modified":"2024-06-25T05:55:58","modified_gmt":"2024-06-25T05:55:58","slug":"solicitud-de-informacion-para-cursos-italiano","status":"publish","type":"page","link":"https:\/\/accademia-italiana.it\/es\/solicitud-de-informacion-para-cursos-italiano\/","title":{"rendered":"Solicita informaci\u00f3n"},"content":{"rendered":"","protected":false},"excerpt":{"rendered":"","protected":false},"author":1,"featured_media":13925,"parent":0,"menu_order":278,"comment_status":"closed","ping_status":"closed","template":"","meta":{"_acf_changed":false,"_kad_blocks_custom_css":"","_kad_blocks_head_custom_js":"","_kad_blocks_body_custom_js":"","_kad_blocks_footer_custom_js":"","_kad_post_transparent":"","_kad_post_title":"","_kad_post_layout":"","_kad_post_sidebar_id":"","_kad_post_content_style":"","_kad_post_vertical_padding":"","_kad_post_feature":"","_kad_post_feature_position":"","_kad_post_header":false,"_kad_post_footer":false,"footnotes":""},"school":[],"class_list":["post-6670","page","type-page","status-publish","has-post-thumbnail","hentry"],"acf":[],"yoast_head":"<!-- This site is optimized with the Yoast SEO plugin v26.8 - https:\/\/yoast.com\/product\/yoast-seo-wordpress\/ -->\n<title>Solicita Informaci\u00f3n sobre Cursos de Idioma Italiano<\/title>\n<meta name=\"description\" content=\"Solicita informaci\u00f3n sobre nuestros cursos de italiano en Accademia Italiana en Salerno y N\u00e1poles. Obt\u00e9n detalles sobre programas, inscripci\u00f3n y m\u00e1s. \u00a1Cont\u00e1ctanos hoy!\" \/>\n<meta name=\"robots\" content=\"index, follow, max-snippet:-1, max-image-preview:large, max-video-preview:-1\" \/>\n<link rel=\"canonical\" href=\"https:\/\/accademia-italiana.it\/es\/solicitud-de-informacion-para-cursos-italiano\/\" \/>\n<meta property=\"og:locale\" content=\"es_ES\" \/>\n<meta property=\"og:type\" content=\"article\" \/>\n<meta property=\"og:title\" content=\"Solicita Informaci\u00f3n sobre Cursos de Idioma Italiano\" \/>\n<meta property=\"og:description\" content=\"Solicita informaci\u00f3n sobre nuestros cursos de italiano en Accademia Italiana en Salerno y N\u00e1poles. Obt\u00e9n detalles sobre programas, inscripci\u00f3n y m\u00e1s. \u00a1Cont\u00e1ctanos hoy!\" \/>\n<meta property=\"og:url\" content=\"https:\/\/accademia-italiana.it\/es\/solicitud-de-informacion-para-cursos-italiano\/\" \/>\n<meta property=\"og:site_name\" content=\"Accademia Italiana\" \/>\n<meta property=\"article:modified_time\" content=\"2024-06-25T05:55:58+00:00\" \/>\n<meta property=\"og:image\" content=\"https:\/\/accademia-italiana.it\/wp-content\/uploads\/2024\/05\/ais-img.jpg\" \/>\n\t<meta property=\"og:image:width\" content=\"717\" \/>\n\t<meta property=\"og:image:height\" content=\"560\" \/>\n\t<meta property=\"og:image:type\" content=\"image\/jpeg\" \/>\n<meta name=\"twitter:card\" content=\"summary_large_image\" \/>\n<meta name=\"twitter:label1\" content=\"Tiempo de lectura\" \/>\n\t<meta name=\"twitter:data1\" content=\"1 minuto\" \/>\n<script type=\"application\/ld+json\" class=\"yoast-schema-graph\">{\"@context\":\"https:\/\/schema.org\",\"@graph\":[{\"@type\":\"WebPage\",\"@id\":\"https:\/\/accademia-italiana.it\/es\/solicitud-de-informacion-para-cursos-italiano\/\",\"url\":\"https:\/\/accademia-italiana.it\/es\/solicitud-de-informacion-para-cursos-italiano\/\",\"name\":\"Solicita Informaci\u00f3n sobre Cursos de Idioma Italiano\",\"isPartOf\":{\"@id\":\"https:\/\/accademia-italiana.it\/es\/#website\"},\"primaryImageOfPage\":{\"@id\":\"https:\/\/accademia-italiana.it\/es\/solicitud-de-informacion-para-cursos-italiano\/#primaryimage\"},\"image\":{\"@id\":\"https:\/\/accademia-italiana.it\/es\/solicitud-de-informacion-para-cursos-italiano\/#primaryimage\"},\"thumbnailUrl\":\"https:\/\/accademia-italiana.it\/wp-content\/uploads\/2024\/12\/ais-campuses-img.png\",\"datePublished\":\"2024-05-02T02:28:41+00:00\",\"dateModified\":\"2024-06-25T05:55:58+00:00\",\"description\":\"Solicita informaci\u00f3n sobre nuestros cursos de italiano en Accademia Italiana en Salerno y N\u00e1poles. Obt\u00e9n detalles sobre programas, inscripci\u00f3n y m\u00e1s. \u00a1Cont\u00e1ctanos hoy!\",\"breadcrumb\":{\"@id\":\"https:\/\/accademia-italiana.it\/es\/solicitud-de-informacion-para-cursos-italiano\/#breadcrumb\"},\"inLanguage\":\"es\",\"potentialAction\":[{\"@type\":\"ReadAction\",\"target\":[\"https:\/\/accademia-italiana.it\/es\/solicitud-de-informacion-para-cursos-italiano\/\"]}]},{\"@type\":\"ImageObject\",\"inLanguage\":\"es\",\"@id\":\"https:\/\/accademia-italiana.it\/es\/solicitud-de-informacion-para-cursos-italiano\/#primaryimage\",\"url\":\"https:\/\/accademia-italiana.it\/wp-content\/uploads\/2024\/12\/ais-campuses-img.png\",\"contentUrl\":\"https:\/\/accademia-italiana.it\/wp-content\/uploads\/2024\/12\/ais-campuses-img.png\",\"width\":860,\"height\":645,\"caption\":\"Two images depicting individuals standing outside a building, showcasing their casual attire and the architectural features.\"},{\"@type\":\"BreadcrumbList\",\"@id\":\"https:\/\/accademia-italiana.it\/es\/solicitud-de-informacion-para-cursos-italiano\/#breadcrumb\",\"itemListElement\":[{\"@type\":\"ListItem\",\"position\":1,\"name\":\"Home\",\"item\":\"https:\/\/accademia-italiana.it\/es\/\"},{\"@type\":\"ListItem\",\"position\":2,\"name\":\"Solicita informaci\u00f3n\"}]},{\"@type\":\"WebSite\",\"@id\":\"https:\/\/accademia-italiana.it\/es\/#website\",\"url\":\"https:\/\/accademia-italiana.it\/es\/\",\"name\":\"Accademia Italiana\",\"description\":\"Italian Language School in Italy\",\"publisher\":{\"@id\":\"https:\/\/accademia-italiana.it\/es\/#organization\"},\"potentialAction\":[{\"@type\":\"SearchAction\",\"target\":{\"@type\":\"EntryPoint\",\"urlTemplate\":\"https:\/\/accademia-italiana.it\/es\/?s={search_term_string}\"},\"query-input\":{\"@type\":\"PropertyValueSpecification\",\"valueRequired\":true,\"valueName\":\"search_term_string\"}}],\"inLanguage\":\"es\"},{\"@type\":\"Organization\",\"@id\":\"https:\/\/accademia-italiana.it\/es\/#organization\",\"name\":\"Italian Language School in Italy, italian language school, italian language courses, language school Italyee\",\"url\":\"https:\/\/accademia-italiana.it\/es\/\",\"logo\":{\"@type\":\"ImageObject\",\"inLanguage\":\"es\",\"@id\":\"https:\/\/accademia-italiana.it\/es\/#\/schema\/logo\/image\/\",\"url\":\"https:\/\/accademia-italiana.it\/wp-content\/uploads\/2024\/04\/logo-accademia-semplice-01-Photoroom.png-Photoroom.svg\",\"contentUrl\":\"https:\/\/accademia-italiana.it\/wp-content\/uploads\/2024\/04\/logo-accademia-semplice-01-Photoroom.png-Photoroom.svg\",\"caption\":\"Italian Language School in Italy, italian language school, italian language courses, language school Italyee\"},\"image\":{\"@id\":\"https:\/\/accademia-italiana.it\/es\/#\/schema\/logo\/image\/\"}}]}<\/script>\n<!-- \/ Yoast SEO plugin. -->","yoast_head_json":{"title":"Solicita Informaci\u00f3n sobre Cursos de Idioma Italiano","description":"Solicita informaci\u00f3n sobre nuestros cursos de italiano en Accademia Italiana en Salerno y N\u00e1poles. Obt\u00e9n detalles sobre programas, inscripci\u00f3n y m\u00e1s. \u00a1Cont\u00e1ctanos hoy!","robots":{"index":"index","follow":"follow","max-snippet":"max-snippet:-1","max-image-preview":"max-image-preview:large","max-video-preview":"max-video-preview:-1"},"canonical":"https:\/\/accademia-italiana.it\/es\/solicitud-de-informacion-para-cursos-italiano\/","og_locale":"es_ES","og_type":"article","og_title":"Solicita Informaci\u00f3n sobre Cursos de Idioma Italiano","og_description":"Solicita informaci\u00f3n sobre nuestros cursos de italiano en Accademia Italiana en Salerno y N\u00e1poles. Obt\u00e9n detalles sobre programas, inscripci\u00f3n y m\u00e1s. \u00a1Cont\u00e1ctanos hoy!","og_url":"https:\/\/accademia-italiana.it\/es\/solicitud-de-informacion-para-cursos-italiano\/","og_site_name":"Accademia Italiana","article_modified_time":"2024-06-25T05:55:58+00:00","og_image":[{"width":717,"height":560,"url":"https:\/\/accademia-italiana.it\/wp-content\/uploads\/2024\/05\/ais-img.jpg","type":"image\/jpeg"}],"twitter_card":"summary_large_image","twitter_misc":{"Tiempo de lectura":"1 minuto"},"schema":{"@context":"https:\/\/schema.org","@graph":[{"@type":"WebPage","@id":"https:\/\/accademia-italiana.it\/es\/solicitud-de-informacion-para-cursos-italiano\/","url":"https:\/\/accademia-italiana.it\/es\/solicitud-de-informacion-para-cursos-italiano\/","name":"Solicita Informaci\u00f3n sobre Cursos de Idioma Italiano","isPartOf":{"@id":"https:\/\/accademia-italiana.it\/es\/#website"},"primaryImageOfPage":{"@id":"https:\/\/accademia-italiana.it\/es\/solicitud-de-informacion-para-cursos-italiano\/#primaryimage"},"image":{"@id":"https:\/\/accademia-italiana.it\/es\/solicitud-de-informacion-para-cursos-italiano\/#primaryimage"},"thumbnailUrl":"https:\/\/accademia-italiana.it\/wp-content\/uploads\/2024\/12\/ais-campuses-img.png","datePublished":"2024-05-02T02:28:41+00:00","dateModified":"2024-06-25T05:55:58+00:00","description":"Solicita informaci\u00f3n sobre nuestros cursos de italiano en Accademia Italiana en Salerno y N\u00e1poles. Obt\u00e9n detalles sobre programas, inscripci\u00f3n y m\u00e1s. \u00a1Cont\u00e1ctanos hoy!","breadcrumb":{"@id":"https:\/\/accademia-italiana.it\/es\/solicitud-de-informacion-para-cursos-italiano\/#breadcrumb"},"inLanguage":"es","potentialAction":[{"@type":"ReadAction","target":["https:\/\/accademia-italiana.it\/es\/solicitud-de-informacion-para-cursos-italiano\/"]}]},{"@type":"ImageObject","inLanguage":"es","@id":"https:\/\/accademia-italiana.it\/es\/solicitud-de-informacion-para-cursos-italiano\/#primaryimage","url":"https:\/\/accademia-italiana.it\/wp-content\/uploads\/2024\/12\/ais-campuses-img.png","contentUrl":"https:\/\/accademia-italiana.it\/wp-content\/uploads\/2024\/12\/ais-campuses-img.png","width":860,"height":645,"caption":"Two images depicting individuals standing outside a building, showcasing their casual attire and the architectural features."},{"@type":"BreadcrumbList","@id":"https:\/\/accademia-italiana.it\/es\/solicitud-de-informacion-para-cursos-italiano\/#breadcrumb","itemListElement":[{"@type":"ListItem","position":1,"name":"Home","item":"https:\/\/accademia-italiana.it\/es\/"},{"@type":"ListItem","position":2,"name":"Solicita informaci\u00f3n"}]},{"@type":"WebSite","@id":"https:\/\/accademia-italiana.it\/es\/#website","url":"https:\/\/accademia-italiana.it\/es\/","name":"Accademia Italiana","description":"Italian Language School in Italy","publisher":{"@id":"https:\/\/accademia-italiana.it\/es\/#organization"},"potentialAction":[{"@type":"SearchAction","target":{"@type":"EntryPoint","urlTemplate":"https:\/\/accademia-italiana.it\/es\/?s={search_term_string}"},"query-input":{"@type":"PropertyValueSpecification","valueRequired":true,"valueName":"search_term_string"}}],"inLanguage":"es"},{"@type":"Organization","@id":"https:\/\/accademia-italiana.it\/es\/#organization","name":"Italian Language School in Italy, italian language school, italian language courses, language school Italyee","url":"https:\/\/accademia-italiana.it\/es\/","logo":{"@type":"ImageObject","inLanguage":"es","@id":"https:\/\/accademia-italiana.it\/es\/#\/schema\/logo\/image\/","url":"https:\/\/accademia-italiana.it\/wp-content\/uploads\/2024\/04\/logo-accademia-semplice-01-Photoroom.png-Photoroom.svg","contentUrl":"https:\/\/accademia-italiana.it\/wp-content\/uploads\/2024\/04\/logo-accademia-semplice-01-Photoroom.png-Photoroom.svg","caption":"Italian Language School in Italy, italian language school, italian language courses, language school Italyee"},"image":{"@id":"https:\/\/accademia-italiana.it\/es\/#\/schema\/logo\/image\/"}}]}},"taxonomy_info":[],"featured_image_src_large":["https:\/\/accademia-italiana.it\/wp-content\/uploads\/2024\/12\/ais-campuses-img.png",860,645,false],"author_info":{"display_name":"admin","author_link":"https:\/\/accademia-italiana.it\/es\/author\/hemadmin\/"},"comment_info":"","_links":{"self":[{"href":"https:\/\/accademia-italiana.it\/es\/wp-json\/wp\/v2\/pages\/6670","targetHints":{"allow":["GET"]}}],"collection":[{"href":"https:\/\/accademia-italiana.it\/es\/wp-json\/wp\/v2\/pages"}],"about":[{"href":"https:\/\/accademia-italiana.it\/es\/wp-json\/wp\/v2\/types\/page"}],"author":[{"embeddable":true,"href":"https:\/\/accademia-italiana.it\/es\/wp-json\/wp\/v2\/users\/1"}],"replies":[{"embeddable":true,"href":"https:\/\/accademia-italiana.it\/es\/wp-json\/wp\/v2\/comments?post=6670"}],"version-history":[{"count":0,"href":"https:\/\/accademia-italiana.it\/es\/wp-json\/wp\/v2\/pages\/6670\/revisions"}],"wp:featuredmedia":[{"embeddable":true,"href":"https:\/\/accademia-italiana.it\/es\/wp-json\/wp\/v2\/media\/13925"}],"wp:attachment":[{"href":"https:\/\/accademia-italiana.it\/es\/wp-json\/wp\/v2\/media?parent=6670"}],"wp:term":[{"taxonomy":"school","embeddable":true,"href":"https:\/\/accademia-italiana.it\/es\/wp-json\/wp\/v2\/school?post=6670"}],"curies":[{"name":"wp","href":"https:\/\/api.w.org\/{rel}","templated":true}]}}