{"id":6662,"date":"2024-04-26T03:19:46","date_gmt":"2024-04-26T03:19:46","guid":{"rendered":"https:\/\/accademia-italiana.it\/didactic-method\/"},"modified":"2024-06-12T04:35:26","modified_gmt":"2024-06-12T04:35:26","slug":"metodo-didactico-escuela-de-italiano","status":"publish","type":"page","link":"https:\/\/accademia-italiana.it\/es\/metodo-didactico-escuela-de-italiano\/","title":{"rendered":"M\u00e9todo did\u00e1ctico"},"content":{"rendered":"<style>.kb-row-layout-id6662_64c391-2f > .kt-row-column-wrap{align-content:start;}:where(.kb-row-layout-id6662_64c391-2f > .kt-row-column-wrap) > .wp-block-kadence-column{justify-content:start;}.kb-row-layout-id6662_64c391-2f > .kt-row-column-wrap{column-gap:var(--global-kb-gap-md, 2rem);row-gap:var(--global-kb-gap-md, 2rem);max-width:var( --global-content-width, 1400px );padding-left:var(--global-content-edge-padding);padding-right:var(--global-content-edge-padding);padding-top:var(--global-kb-spacing-xxl, 5rem);padding-bottom:var(--global-kb-spacing-xxl, 5rem);grid-template-columns:minmax(0, 1fr);}.kb-row-layout-id6662_64c391-2f{border-top:1px solid var(--global-palette6, #718096);border-bottom:1px solid var(--global-palette6, #718096);}.kb-row-layout-id6662_64c391-2f > .kt-row-layout-overlay{opacity:0.30;}@media all and (max-width: 1024px){.kb-row-layout-id6662_64c391-2f > .kt-row-column-wrap{grid-template-columns:minmax(0, 1fr);}}@media all and (max-width: 1024px){.kb-row-layout-id6662_64c391-2f{border-top:1px solid var(--global-palette6, #718096);border-bottom:1px solid var(--global-palette6, #718096);}}@media all and (max-width: 767px){.kb-row-layout-id6662_64c391-2f > .kt-row-column-wrap{grid-template-columns:minmax(0, 1fr);}.kb-row-layout-id6662_64c391-2f{border-top:1px solid var(--global-palette6, #718096);border-bottom:1px solid var(--global-palette6, #718096);}}<\/style><div class=\"kb-row-layout-wrap kb-row-layout-id6662_64c391-2f alignfull has-theme-palette9-background-color kt-row-has-bg wp-block-kadence-rowlayout\"><div class=\"kt-row-column-wrap kt-has-1-columns kt-row-layout-equal kt-tab-layout-inherit kt-mobile-layout-row kt-row-valign-top kb-theme-content-width\">\n<style>.kadence-column6662_9ad760-00 > .kt-inside-inner-col{display:flex;}.kadence-column6662_9ad760-00 > .kt-inside-inner-col,.kadence-column6662_9ad760-00 > .kt-inside-inner-col:before{border-top-left-radius:0px;border-top-right-radius:0px;border-bottom-right-radius:0px;border-bottom-left-radius:0px;}.kadence-column6662_9ad760-00 > .kt-inside-inner-col{row-gap:var(--global-kb-gap-sm, 1rem);column-gap:var(--global-kb-gap-sm, 1rem);}.kadence-column6662_9ad760-00 > .kt-inside-inner-col{flex-direction:column;}.kadence-column6662_9ad760-00 > .kt-inside-inner-col > .aligncenter{width:100%;}.kadence-column6662_9ad760-00 > .kt-inside-inner-col:before{opacity:0.3;}.kadence-column6662_9ad760-00{position:relative;}@media all and (max-width: 1024px){.kadence-column6662_9ad760-00 > .kt-inside-inner-col{flex-direction:column;justify-content:center;}}@media all and (max-width: 767px){.kadence-column6662_9ad760-00 > .kt-inside-inner-col{flex-direction:column;justify-content:center;}}<\/style>\n<div class=\"wp-block-kadence-column kadence-column6662_9ad760-00\"><div class=\"kt-inside-inner-col\"><style>.wp-block-kadence-advancedheading.kt-adv-heading6662_675af5-46, .wp-block-kadence-advancedheading.kt-adv-heading6662_675af5-46[data-kb-block=\"kb-adv-heading6662_675af5-46\"]{font-size:var(--global-kb-font-size-md, 1.25rem);line-height:1.5em;font-style:normal;}.wp-block-kadence-advancedheading.kt-adv-heading6662_675af5-46 mark.kt-highlight, .wp-block-kadence-advancedheading.kt-adv-heading6662_675af5-46[data-kb-block=\"kb-adv-heading6662_675af5-46\"] mark.kt-highlight{font-style:normal;color:#f76a0c;-webkit-box-decoration-break:clone;box-decoration-break:clone;padding-top:0px;padding-right:0px;padding-bottom:0px;padding-left:0px;}.wp-block-kadence-advancedheading.kt-adv-heading6662_675af5-46 img.kb-inline-image, .wp-block-kadence-advancedheading.kt-adv-heading6662_675af5-46[data-kb-block=\"kb-adv-heading6662_675af5-46\"] img.kb-inline-image{width:150px;vertical-align:baseline;}<\/style>\n<h4 class=\"kt-adv-heading6662_675af5-46 wp-block-kadence-advancedheading has-theme-palette-4-color has-text-color\" data-kb-block=\"kb-adv-heading6662_675af5-46\">El m\u00e9todo did\u00e1ctico de la escuela se fundamenta en el principio de la pr\u00e1ctica ling\u00fc\u00edstica, la cual consiste, sobre todo, en el uso de modernos materiales textuales, audio-visuales y multimedia, y en una estrecha relaci\u00f3n entre profesor-tutor y estudiante gracias al reducido n\u00famero de alumnos por clase (m\u00e1x. 10).<\/h4>\n\n\n<style>.wp-block-kadence-advancedheading.kt-adv-heading6662_5cf285-cf, .wp-block-kadence-advancedheading.kt-adv-heading6662_5cf285-cf[data-kb-block=\"kb-adv-heading6662_5cf285-cf\"]{font-style:normal;}.wp-block-kadence-advancedheading.kt-adv-heading6662_5cf285-cf mark.kt-highlight, .wp-block-kadence-advancedheading.kt-adv-heading6662_5cf285-cf[data-kb-block=\"kb-adv-heading6662_5cf285-cf\"] mark.kt-highlight{font-style:normal;color:#f76a0c;-webkit-box-decoration-break:clone;box-decoration-break:clone;padding-top:0px;padding-right:0px;padding-bottom:0px;padding-left:0px;}.wp-block-kadence-advancedheading.kt-adv-heading6662_5cf285-cf img.kb-inline-image, .wp-block-kadence-advancedheading.kt-adv-heading6662_5cf285-cf[data-kb-block=\"kb-adv-heading6662_5cf285-cf\"] img.kb-inline-image{width:150px;vertical-align:baseline;}<\/style>\n<p class=\"kt-adv-heading6662_5cf285-cf wp-block-kadence-advancedheading has-theme-palette-4-color has-text-color\" data-kb-block=\"kb-adv-heading6662_5cf285-cf\">De este modo, se garantizan las condiciones necesarias para el uso de una metodolog\u00eda \u00abdirecta\u00bb que permite a los profesores mantener de forma constante una relaci\u00f3n personal con cada alumno.<\/p>\n<\/div><\/div>\n\n<\/div><\/div>","protected":false},"excerpt":{"rendered":"<p>El m\u00e9todo did\u00e1ctico de la escuela se fundamenta en el principio de la pr\u00e1ctica ling\u00fc\u00edstica, la cual consiste, sobre todo, en el uso de modernos materiales textuales, audio-visuales y multimedia, y en una estrecha relaci\u00f3n entre profesor-tutor y estudiante gracias al reducido n\u00famero de alumnos por clase (m\u00e1x. 10). De este modo, se garantizan las&#8230;<\/p>\n","protected":false},"author":1,"featured_media":2205,"parent":0,"menu_order":105,"comment_status":"closed","ping_status":"closed","template":"","meta":{"_acf_changed":false,"_kad_blocks_custom_css":"","_kad_blocks_head_custom_js":"","_kad_blocks_body_custom_js":"","_kad_blocks_footer_custom_js":"","_kad_post_transparent":"","_kad_post_title":"","_kad_post_layout":"","_kad_post_sidebar_id":"","_kad_post_content_style":"","_kad_post_vertical_padding":"","_kad_post_feature":"","_kad_post_feature_position":"","_kad_post_header":false,"_kad_post_footer":false,"footnotes":""},"school":[],"class_list":["post-6662","page","type-page","status-publish","has-post-thumbnail","hentry"],"acf":[],"yoast_head":"<!-- This site is optimized with the Yoast SEO plugin v26.8 - https:\/\/yoast.com\/product\/yoast-seo-wordpress\/ -->\n<title>M\u00e9todo Did\u00e1ctico| Accademia Italiana<\/title>\n<meta name=\"description\" content=\"Aprende italiano con los m\u00e9todos did\u00e1cticos efectivos de Accademia Italiana. Clases peque\u00f1as, atenci\u00f3n personalizada y materiales multimedia en Salerno y N\u00e1poles. \u00a1Inscr\u00edbete hoy!\" \/>\n<meta name=\"robots\" content=\"index, follow, max-snippet:-1, max-image-preview:large, max-video-preview:-1\" \/>\n<link rel=\"canonical\" href=\"https:\/\/accademia-italiana.it\/es\/metodo-didactico-escuela-de-italiano\/\" \/>\n<meta property=\"og:locale\" content=\"es_ES\" \/>\n<meta property=\"og:type\" content=\"article\" \/>\n<meta property=\"og:title\" content=\"M\u00e9todo Did\u00e1ctico| Accademia Italiana\" \/>\n<meta property=\"og:description\" content=\"Aprende italiano con los m\u00e9todos did\u00e1cticos efectivos de Accademia Italiana. Clases peque\u00f1as, atenci\u00f3n personalizada y materiales multimedia en Salerno y N\u00e1poles. \u00a1Inscr\u00edbete hoy!\" \/>\n<meta property=\"og:url\" content=\"https:\/\/accademia-italiana.it\/es\/metodo-didactico-escuela-de-italiano\/\" \/>\n<meta property=\"og:site_name\" content=\"Accademia Italiana\" \/>\n<meta property=\"article:modified_time\" content=\"2024-06-12T04:35:26+00:00\" \/>\n<meta property=\"og:image\" content=\"https:\/\/accademia-italiana.it\/wp-content\/uploads\/2024\/04\/1-1.jpg\" \/>\n\t<meta property=\"og:image:width\" content=\"800\" \/>\n\t<meta property=\"og:image:height\" content=\"503\" \/>\n\t<meta property=\"og:image:type\" content=\"image\/jpeg\" \/>\n<meta name=\"twitter:card\" content=\"summary_large_image\" \/>\n<meta name=\"twitter:label1\" content=\"Tiempo de lectura\" \/>\n\t<meta name=\"twitter:data1\" content=\"1 minuto\" \/>\n<script type=\"application\/ld+json\" class=\"yoast-schema-graph\">{\"@context\":\"https:\/\/schema.org\",\"@graph\":[{\"@type\":\"WebPage\",\"@id\":\"https:\/\/accademia-italiana.it\/es\/metodo-didactico-escuela-de-italiano\/\",\"url\":\"https:\/\/accademia-italiana.it\/es\/metodo-didactico-escuela-de-italiano\/\",\"name\":\"M\u00e9todo Did\u00e1ctico| Accademia Italiana\",\"isPartOf\":{\"@id\":\"https:\/\/accademia-italiana.it\/es\/#website\"},\"primaryImageOfPage\":{\"@id\":\"https:\/\/accademia-italiana.it\/es\/metodo-didactico-escuela-de-italiano\/#primaryimage\"},\"image\":{\"@id\":\"https:\/\/accademia-italiana.it\/es\/metodo-didactico-escuela-de-italiano\/#primaryimage\"},\"thumbnailUrl\":\"https:\/\/accademia-italiana.it\/wp-content\/uploads\/2024\/04\/1-1.jpg\",\"datePublished\":\"2024-04-26T03:19:46+00:00\",\"dateModified\":\"2024-06-12T04:35:26+00:00\",\"description\":\"Aprende italiano con los m\u00e9todos did\u00e1cticos efectivos de Accademia Italiana. Clases peque\u00f1as, atenci\u00f3n personalizada y materiales multimedia en Salerno y N\u00e1poles. \u00a1Inscr\u00edbete hoy!\",\"breadcrumb\":{\"@id\":\"https:\/\/accademia-italiana.it\/es\/metodo-didactico-escuela-de-italiano\/#breadcrumb\"},\"inLanguage\":\"es\",\"potentialAction\":[{\"@type\":\"ReadAction\",\"target\":[\"https:\/\/accademia-italiana.it\/es\/metodo-didactico-escuela-de-italiano\/\"]}]},{\"@type\":\"ImageObject\",\"inLanguage\":\"es\",\"@id\":\"https:\/\/accademia-italiana.it\/es\/metodo-didactico-escuela-de-italiano\/#primaryimage\",\"url\":\"https:\/\/accademia-italiana.it\/wp-content\/uploads\/2024\/04\/1-1.jpg\",\"contentUrl\":\"https:\/\/accademia-italiana.it\/wp-content\/uploads\/2024\/04\/1-1.jpg\",\"width\":800,\"height\":503,\"caption\":\"A group of people sit around a table with books and bottles, laughing and clapping. Some have sticky notes on their foreheads. The setting appears to be a casual indoor meeting or workshop.\"},{\"@type\":\"BreadcrumbList\",\"@id\":\"https:\/\/accademia-italiana.it\/es\/metodo-didactico-escuela-de-italiano\/#breadcrumb\",\"itemListElement\":[{\"@type\":\"ListItem\",\"position\":1,\"name\":\"Home\",\"item\":\"https:\/\/accademia-italiana.it\/es\/\"},{\"@type\":\"ListItem\",\"position\":2,\"name\":\"M\u00e9todo did\u00e1ctico\"}]},{\"@type\":\"WebSite\",\"@id\":\"https:\/\/accademia-italiana.it\/es\/#website\",\"url\":\"https:\/\/accademia-italiana.it\/es\/\",\"name\":\"Accademia Italiana\",\"description\":\"Italian Language School in Italy\",\"publisher\":{\"@id\":\"https:\/\/accademia-italiana.it\/es\/#organization\"},\"potentialAction\":[{\"@type\":\"SearchAction\",\"target\":{\"@type\":\"EntryPoint\",\"urlTemplate\":\"https:\/\/accademia-italiana.it\/es\/?s={search_term_string}\"},\"query-input\":{\"@type\":\"PropertyValueSpecification\",\"valueRequired\":true,\"valueName\":\"search_term_string\"}}],\"inLanguage\":\"es\"},{\"@type\":\"Organization\",\"@id\":\"https:\/\/accademia-italiana.it\/es\/#organization\",\"name\":\"Italian Language School in Italy, italian language school, italian language courses, language school Italyee\",\"url\":\"https:\/\/accademia-italiana.it\/es\/\",\"logo\":{\"@type\":\"ImageObject\",\"inLanguage\":\"es\",\"@id\":\"https:\/\/accademia-italiana.it\/es\/#\/schema\/logo\/image\/\",\"url\":\"https:\/\/accademia-italiana.it\/wp-content\/uploads\/2024\/04\/logo-accademia-semplice-01-Photoroom.png-Photoroom.svg\",\"contentUrl\":\"https:\/\/accademia-italiana.it\/wp-content\/uploads\/2024\/04\/logo-accademia-semplice-01-Photoroom.png-Photoroom.svg\",\"caption\":\"Italian Language School in Italy, italian language school, italian language courses, language school Italyee\"},\"image\":{\"@id\":\"https:\/\/accademia-italiana.it\/es\/#\/schema\/logo\/image\/\"}}]}<\/script>\n<!-- \/ Yoast SEO plugin. -->","yoast_head_json":{"title":"M\u00e9todo Did\u00e1ctico| Accademia Italiana","description":"Aprende italiano con los m\u00e9todos did\u00e1cticos efectivos de Accademia Italiana. Clases peque\u00f1as, atenci\u00f3n personalizada y materiales multimedia en Salerno y N\u00e1poles. \u00a1Inscr\u00edbete hoy!","robots":{"index":"index","follow":"follow","max-snippet":"max-snippet:-1","max-image-preview":"max-image-preview:large","max-video-preview":"max-video-preview:-1"},"canonical":"https:\/\/accademia-italiana.it\/es\/metodo-didactico-escuela-de-italiano\/","og_locale":"es_ES","og_type":"article","og_title":"M\u00e9todo Did\u00e1ctico| Accademia Italiana","og_description":"Aprende italiano con los m\u00e9todos did\u00e1cticos efectivos de Accademia Italiana. Clases peque\u00f1as, atenci\u00f3n personalizada y materiales multimedia en Salerno y N\u00e1poles. \u00a1Inscr\u00edbete hoy!","og_url":"https:\/\/accademia-italiana.it\/es\/metodo-didactico-escuela-de-italiano\/","og_site_name":"Accademia Italiana","article_modified_time":"2024-06-12T04:35:26+00:00","og_image":[{"width":800,"height":503,"url":"https:\/\/accademia-italiana.it\/wp-content\/uploads\/2024\/04\/1-1.jpg","type":"image\/jpeg"}],"twitter_card":"summary_large_image","twitter_misc":{"Tiempo de lectura":"1 minuto"},"schema":{"@context":"https:\/\/schema.org","@graph":[{"@type":"WebPage","@id":"https:\/\/accademia-italiana.it\/es\/metodo-didactico-escuela-de-italiano\/","url":"https:\/\/accademia-italiana.it\/es\/metodo-didactico-escuela-de-italiano\/","name":"M\u00e9todo Did\u00e1ctico| Accademia Italiana","isPartOf":{"@id":"https:\/\/accademia-italiana.it\/es\/#website"},"primaryImageOfPage":{"@id":"https:\/\/accademia-italiana.it\/es\/metodo-didactico-escuela-de-italiano\/#primaryimage"},"image":{"@id":"https:\/\/accademia-italiana.it\/es\/metodo-didactico-escuela-de-italiano\/#primaryimage"},"thumbnailUrl":"https:\/\/accademia-italiana.it\/wp-content\/uploads\/2024\/04\/1-1.jpg","datePublished":"2024-04-26T03:19:46+00:00","dateModified":"2024-06-12T04:35:26+00:00","description":"Aprende italiano con los m\u00e9todos did\u00e1cticos efectivos de Accademia Italiana. Clases peque\u00f1as, atenci\u00f3n personalizada y materiales multimedia en Salerno y N\u00e1poles. \u00a1Inscr\u00edbete hoy!","breadcrumb":{"@id":"https:\/\/accademia-italiana.it\/es\/metodo-didactico-escuela-de-italiano\/#breadcrumb"},"inLanguage":"es","potentialAction":[{"@type":"ReadAction","target":["https:\/\/accademia-italiana.it\/es\/metodo-didactico-escuela-de-italiano\/"]}]},{"@type":"ImageObject","inLanguage":"es","@id":"https:\/\/accademia-italiana.it\/es\/metodo-didactico-escuela-de-italiano\/#primaryimage","url":"https:\/\/accademia-italiana.it\/wp-content\/uploads\/2024\/04\/1-1.jpg","contentUrl":"https:\/\/accademia-italiana.it\/wp-content\/uploads\/2024\/04\/1-1.jpg","width":800,"height":503,"caption":"A group of people sit around a table with books and bottles, laughing and clapping. Some have sticky notes on their foreheads. The setting appears to be a casual indoor meeting or workshop."},{"@type":"BreadcrumbList","@id":"https:\/\/accademia-italiana.it\/es\/metodo-didactico-escuela-de-italiano\/#breadcrumb","itemListElement":[{"@type":"ListItem","position":1,"name":"Home","item":"https:\/\/accademia-italiana.it\/es\/"},{"@type":"ListItem","position":2,"name":"M\u00e9todo did\u00e1ctico"}]},{"@type":"WebSite","@id":"https:\/\/accademia-italiana.it\/es\/#website","url":"https:\/\/accademia-italiana.it\/es\/","name":"Accademia Italiana","description":"Italian Language School in Italy","publisher":{"@id":"https:\/\/accademia-italiana.it\/es\/#organization"},"potentialAction":[{"@type":"SearchAction","target":{"@type":"EntryPoint","urlTemplate":"https:\/\/accademia-italiana.it\/es\/?s={search_term_string}"},"query-input":{"@type":"PropertyValueSpecification","valueRequired":true,"valueName":"search_term_string"}}],"inLanguage":"es"},{"@type":"Organization","@id":"https:\/\/accademia-italiana.it\/es\/#organization","name":"Italian Language School in Italy, italian language school, italian language courses, language school Italyee","url":"https:\/\/accademia-italiana.it\/es\/","logo":{"@type":"ImageObject","inLanguage":"es","@id":"https:\/\/accademia-italiana.it\/es\/#\/schema\/logo\/image\/","url":"https:\/\/accademia-italiana.it\/wp-content\/uploads\/2024\/04\/logo-accademia-semplice-01-Photoroom.png-Photoroom.svg","contentUrl":"https:\/\/accademia-italiana.it\/wp-content\/uploads\/2024\/04\/logo-accademia-semplice-01-Photoroom.png-Photoroom.svg","caption":"Italian Language School in Italy, italian language school, italian language courses, language school Italyee"},"image":{"@id":"https:\/\/accademia-italiana.it\/es\/#\/schema\/logo\/image\/"}}]}},"taxonomy_info":[],"featured_image_src_large":["https:\/\/accademia-italiana.it\/wp-content\/uploads\/2024\/04\/1-1.jpg",800,503,false],"author_info":{"display_name":"admin","author_link":"https:\/\/accademia-italiana.it\/es\/author\/hemadmin\/"},"comment_info":"","_links":{"self":[{"href":"https:\/\/accademia-italiana.it\/es\/wp-json\/wp\/v2\/pages\/6662","targetHints":{"allow":["GET"]}}],"collection":[{"href":"https:\/\/accademia-italiana.it\/es\/wp-json\/wp\/v2\/pages"}],"about":[{"href":"https:\/\/accademia-italiana.it\/es\/wp-json\/wp\/v2\/types\/page"}],"author":[{"embeddable":true,"href":"https:\/\/accademia-italiana.it\/es\/wp-json\/wp\/v2\/users\/1"}],"replies":[{"embeddable":true,"href":"https:\/\/accademia-italiana.it\/es\/wp-json\/wp\/v2\/comments?post=6662"}],"version-history":[{"count":0,"href":"https:\/\/accademia-italiana.it\/es\/wp-json\/wp\/v2\/pages\/6662\/revisions"}],"wp:featuredmedia":[{"embeddable":true,"href":"https:\/\/accademia-italiana.it\/es\/wp-json\/wp\/v2\/media\/2205"}],"wp:attachment":[{"href":"https:\/\/accademia-italiana.it\/es\/wp-json\/wp\/v2\/media?parent=6662"}],"wp:term":[{"taxonomy":"school","embeddable":true,"href":"https:\/\/accademia-italiana.it\/es\/wp-json\/wp\/v2\/school?post=6662"}],"curies":[{"name":"wp","href":"https:\/\/api.w.org\/{rel}","templated":true}]}}