{"id":7268,"date":"2024-04-26T03:19:46","date_gmt":"2024-04-26T03:19:46","guid":{"rendered":"https:\/\/accademia-italiana.it\/didactic-method\/"},"modified":"2025-04-29T12:26:24","modified_gmt":"2025-04-29T12:26:24","slug":"lehrmethode-italienischschule","status":"publish","type":"page","link":"https:\/\/accademia-italiana.it\/de\/unterrichtsmethode-italienischschule\/","title":{"rendered":"Lehrmethode"},"content":{"rendered":"<style>.kb-row-layout-id7268_85ce2a-23 > .kt-row-column-wrap{align-content:start;}:where(.kb-row-layout-id7268_85ce2a-23 > .kt-row-column-wrap) > .wp-block-kadence-column{justify-content:start;}.kb-row-layout-id7268_85ce2a-23 > .kt-row-column-wrap{column-gap:var(--global-kb-gap-md, 2rem);row-gap:var(--global-kb-gap-md, 2rem);max-width:var( --global-content-width, 1400px );padding-left:var(--global-content-edge-padding);padding-right:var(--global-content-edge-padding);padding-top:var(--global-kb-spacing-xxl, 5rem);padding-bottom:var(--global-kb-spacing-xxl, 5rem);grid-template-columns:minmax(0, 1fr);}.kb-row-layout-id7268_85ce2a-23{border-top:1px solid var(--global-palette6, #718096);border-bottom:1px solid var(--global-palette6, #718096);}.kb-row-layout-id7268_85ce2a-23 > .kt-row-layout-overlay{opacity:0.30;}@media all and (max-width: 1024px){.kb-row-layout-id7268_85ce2a-23 > .kt-row-column-wrap{grid-template-columns:minmax(0, 1fr);}}@media all and (max-width: 1024px){.kb-row-layout-id7268_85ce2a-23{border-top:1px solid var(--global-palette6, #718096);border-bottom:1px solid var(--global-palette6, #718096);}}@media all and (max-width: 767px){.kb-row-layout-id7268_85ce2a-23 > .kt-row-column-wrap{grid-template-columns:minmax(0, 1fr);}.kb-row-layout-id7268_85ce2a-23{border-top:1px solid var(--global-palette6, #718096);border-bottom:1px solid var(--global-palette6, #718096);}}<\/style><div class=\"kb-row-layout-wrap kb-row-layout-id7268_85ce2a-23 alignfull has-theme-palette9-background-color kt-row-has-bg wp-block-kadence-rowlayout\"><div class=\"kt-row-column-wrap kt-has-1-columns kt-row-layout-equal kt-tab-layout-inherit kt-mobile-layout-row kt-row-valign-top kb-theme-content-width\">\n<style>.kadence-column7268_00db1d-d5 > .kt-inside-inner-col{display:flex;}.kadence-column7268_00db1d-d5 > .kt-inside-inner-col,.kadence-column7268_00db1d-d5 > .kt-inside-inner-col:before{border-top-left-radius:0px;border-top-right-radius:0px;border-bottom-right-radius:0px;border-bottom-left-radius:0px;}.kadence-column7268_00db1d-d5 > .kt-inside-inner-col{row-gap:var(--global-kb-gap-sm, 1rem);column-gap:var(--global-kb-gap-sm, 1rem);}.kadence-column7268_00db1d-d5 > .kt-inside-inner-col{flex-direction:column;}.kadence-column7268_00db1d-d5 > .kt-inside-inner-col > .aligncenter{width:100%;}.kadence-column7268_00db1d-d5 > .kt-inside-inner-col:before{opacity:0.3;}.kadence-column7268_00db1d-d5{position:relative;}@media all and (max-width: 1024px){.kadence-column7268_00db1d-d5 > .kt-inside-inner-col{flex-direction:column;justify-content:center;}}@media all and (max-width: 767px){.kadence-column7268_00db1d-d5 > .kt-inside-inner-col{flex-direction:column;justify-content:center;}}<\/style>\n<div class=\"wp-block-kadence-column kadence-column7268_00db1d-d5\"><div class=\"kt-inside-inner-col\"><style>.wp-block-kadence-advancedheading.kt-adv-heading7268_9e834a-ae, .wp-block-kadence-advancedheading.kt-adv-heading7268_9e834a-ae[data-kb-block=\"kb-adv-heading7268_9e834a-ae\"]{font-size:var(--global-kb-font-size-md, 1.25rem);line-height:1.5em;font-style:normal;}.wp-block-kadence-advancedheading.kt-adv-heading7268_9e834a-ae mark.kt-highlight, .wp-block-kadence-advancedheading.kt-adv-heading7268_9e834a-ae[data-kb-block=\"kb-adv-heading7268_9e834a-ae\"] mark.kt-highlight{font-style:normal;color:#f76a0c;-webkit-box-decoration-break:clone;box-decoration-break:clone;padding-top:0px;padding-right:0px;padding-bottom:0px;padding-left:0px;}.wp-block-kadence-advancedheading.kt-adv-heading7268_9e834a-ae img.kb-inline-image, .wp-block-kadence-advancedheading.kt-adv-heading7268_9e834a-ae[data-kb-block=\"kb-adv-heading7268_9e834a-ae\"] img.kb-inline-image{width:150px;vertical-align:baseline;}<\/style>\n<h4 class=\"kt-adv-heading7268_9e834a-ae wp-block-kadence-advancedheading has-theme-palette-4-color has-text-color\" data-kb-block=\"kb-adv-heading7268_9e834a-ae\">Der methodische Ansatz zielt darauf ab, die praktischen F\u00e4higkeiten der Sch\u00fcler in den Bereichen Verst\u00e4ndnis und Kommunikation zu entwickeln. Er gr\u00fcndet sich auf das Prinzip der sprachlichen Praxis, erg\u00e4nzt durch moderne didaktische Materialien, wie Text-, Audio-, Video- und Multimedia-Inhalte.<\/h4>\n\n\n<style>.wp-block-kadence-advancedheading.kt-adv-heading7268_f7e246-80, .wp-block-kadence-advancedheading.kt-adv-heading7268_f7e246-80[data-kb-block=\"kb-adv-heading7268_f7e246-80\"]{font-style:normal;}.wp-block-kadence-advancedheading.kt-adv-heading7268_f7e246-80 mark.kt-highlight, .wp-block-kadence-advancedheading.kt-adv-heading7268_f7e246-80[data-kb-block=\"kb-adv-heading7268_f7e246-80\"] mark.kt-highlight{font-style:normal;color:#f76a0c;-webkit-box-decoration-break:clone;box-decoration-break:clone;padding-top:0px;padding-right:0px;padding-bottom:0px;padding-left:0px;}.wp-block-kadence-advancedheading.kt-adv-heading7268_f7e246-80 img.kb-inline-image, .wp-block-kadence-advancedheading.kt-adv-heading7268_f7e246-80[data-kb-block=\"kb-adv-heading7268_f7e246-80\"] img.kb-inline-image{width:150px;vertical-align:baseline;}<\/style>\n<p class=\"kt-adv-heading7268_f7e246-80 wp-block-kadence-advancedheading has-theme-palette-4-color has-text-color\" data-kb-block=\"kb-adv-heading7268_f7e246-80\">Die direkte Lehrer-Sch\u00fcler-Interaktion, die durch die geringe Anzahl an Teilnehmern pro Gruppe (max. 10) erm\u00f6glicht wird, schafft ideale Lernbedingungen und erlaubt es den Sch\u00fclern, regelm\u00e4\u00dfiges Feedback zu ihren sprachlichen Fortschritten zu erhalten.<\/p>\n<\/div><\/div>\n\n<\/div><\/div>","protected":false},"excerpt":{"rendered":"<p>Der methodische Ansatz zielt darauf ab, die praktischen F\u00e4higkeiten der Sch\u00fcler in den Bereichen Verst\u00e4ndnis und Kommunikation zu entwickeln. Er gr\u00fcndet sich auf das Prinzip der sprachlichen Praxis, erg\u00e4nzt durch moderne didaktische Materialien, wie Text-, Audio-, Video- und Multimedia-Inhalte. Die direkte Lehrer-Sch\u00fcler-Interaktion, die durch die geringe Anzahl an Teilnehmern pro Gruppe (max. 10) erm\u00f6glicht wird,&#8230;<\/p>\n","protected":false},"author":1,"featured_media":2200,"parent":0,"menu_order":107,"comment_status":"closed","ping_status":"closed","template":"","meta":{"_acf_changed":false,"_kad_blocks_custom_css":"","_kad_blocks_head_custom_js":"","_kad_blocks_body_custom_js":"","_kad_blocks_footer_custom_js":"","_kad_post_transparent":"","_kad_post_title":"","_kad_post_layout":"","_kad_post_sidebar_id":"","_kad_post_content_style":"","_kad_post_vertical_padding":"","_kad_post_feature":"","_kad_post_feature_position":"","_kad_post_header":false,"_kad_post_footer":false,"footnotes":""},"school":[],"class_list":["post-7268","page","type-page","status-publish","has-post-thumbnail","hentry"],"acf":[],"yoast_head":"<!-- This site is optimized with the Yoast SEO plugin v26.8 - https:\/\/yoast.com\/product\/yoast-seo-wordpress\/ -->\n<title>Lehrmethode - Lerne Italianisch in Salerno | Accademia Italiana<\/title>\n<meta name=\"description\" content=\"Informationen \u00fcber die didaktische Lehrmethode der Accademia Italiana, auf Grundlage modernster Lehrtechniken der italienischen Sprache f\u00fcr Ausl\u00e4nder\" \/>\n<meta name=\"robots\" content=\"index, follow, max-snippet:-1, max-image-preview:large, max-video-preview:-1\" \/>\n<link rel=\"canonical\" href=\"https:\/\/accademia-italiana.it\/de\/unterrichtsmethode-italienischschule\/\" \/>\n<meta property=\"og:locale\" content=\"de_DE\" \/>\n<meta property=\"og:type\" content=\"article\" \/>\n<meta property=\"og:title\" content=\"Lehrmethode - Lerne Italianisch in Salerno | Accademia Italiana\" \/>\n<meta property=\"og:description\" content=\"Informationen \u00fcber die didaktische Lehrmethode der Accademia Italiana, auf Grundlage modernster Lehrtechniken der italienischen Sprache f\u00fcr Ausl\u00e4nder\" \/>\n<meta property=\"og:url\" content=\"https:\/\/accademia-italiana.it\/de\/unterrichtsmethode-italienischschule\/\" \/>\n<meta property=\"og:site_name\" content=\"Accademia Italiana\" \/>\n<meta property=\"article:modified_time\" content=\"2025-04-29T12:26:24+00:00\" \/>\n<meta property=\"og:image\" content=\"https:\/\/accademia-italiana.it\/wp-content\/uploads\/2024\/04\/1-1.jpg\" \/>\n\t<meta property=\"og:image:width\" content=\"800\" \/>\n\t<meta property=\"og:image:height\" content=\"503\" \/>\n\t<meta property=\"og:image:type\" content=\"image\/jpeg\" \/>\n<meta name=\"twitter:card\" content=\"summary_large_image\" \/>\n<meta name=\"twitter:label1\" content=\"Gesch\u00e4tzte Lesezeit\" \/>\n\t<meta name=\"twitter:data1\" content=\"1\u00a0Minute\" \/>\n<script type=\"application\/ld+json\" class=\"yoast-schema-graph\">{\"@context\":\"https:\/\/schema.org\",\"@graph\":[{\"@type\":\"WebPage\",\"@id\":\"https:\/\/accademia-italiana.it\/de\/unterrichtsmethode-italienischschule\/\",\"url\":\"https:\/\/accademia-italiana.it\/de\/unterrichtsmethode-italienischschule\/\",\"name\":\"Lehrmethode - Lerne Italianisch in Salerno | Accademia Italiana\",\"isPartOf\":{\"@id\":\"https:\/\/accademia-italiana.it\/de\/#website\"},\"primaryImageOfPage\":{\"@id\":\"https:\/\/accademia-italiana.it\/de\/unterrichtsmethode-italienischschule\/#primaryimage\"},\"image\":{\"@id\":\"https:\/\/accademia-italiana.it\/de\/unterrichtsmethode-italienischschule\/#primaryimage\"},\"thumbnailUrl\":\"https:\/\/accademia-italiana.it\/wp-content\/uploads\/2024\/04\/1-1.jpg\",\"datePublished\":\"2024-04-26T03:19:46+00:00\",\"dateModified\":\"2025-04-29T12:26:24+00:00\",\"description\":\"Informationen \u00fcber die didaktische Lehrmethode der Accademia Italiana, auf Grundlage modernster Lehrtechniken der italienischen Sprache f\u00fcr Ausl\u00e4nder\",\"breadcrumb\":{\"@id\":\"https:\/\/accademia-italiana.it\/de\/unterrichtsmethode-italienischschule\/#breadcrumb\"},\"inLanguage\":\"de\",\"potentialAction\":[{\"@type\":\"ReadAction\",\"target\":[\"https:\/\/accademia-italiana.it\/de\/unterrichtsmethode-italienischschule\/\"]}]},{\"@type\":\"ImageObject\",\"inLanguage\":\"de\",\"@id\":\"https:\/\/accademia-italiana.it\/de\/unterrichtsmethode-italienischschule\/#primaryimage\",\"url\":\"https:\/\/accademia-italiana.it\/wp-content\/uploads\/2024\/04\/1-1.jpg\",\"contentUrl\":\"https:\/\/accademia-italiana.it\/wp-content\/uploads\/2024\/04\/1-1.jpg\",\"width\":800,\"height\":503,\"caption\":\"A group of people sit around a table with books and bottles, laughing and clapping. Some have sticky notes on their foreheads. The setting appears to be a casual indoor meeting or workshop.\"},{\"@type\":\"BreadcrumbList\",\"@id\":\"https:\/\/accademia-italiana.it\/de\/unterrichtsmethode-italienischschule\/#breadcrumb\",\"itemListElement\":[{\"@type\":\"ListItem\",\"position\":1,\"name\":\"Home\",\"item\":\"https:\/\/accademia-italiana.it\/de\/\"},{\"@type\":\"ListItem\",\"position\":2,\"name\":\"Lehrmethode\"}]},{\"@type\":\"WebSite\",\"@id\":\"https:\/\/accademia-italiana.it\/de\/#website\",\"url\":\"https:\/\/accademia-italiana.it\/de\/\",\"name\":\"Accademia Italiana\",\"description\":\"Italian Language School in Italy\",\"publisher\":{\"@id\":\"https:\/\/accademia-italiana.it\/de\/#organization\"},\"potentialAction\":[{\"@type\":\"SearchAction\",\"target\":{\"@type\":\"EntryPoint\",\"urlTemplate\":\"https:\/\/accademia-italiana.it\/de\/?s={search_term_string}\"},\"query-input\":{\"@type\":\"PropertyValueSpecification\",\"valueRequired\":true,\"valueName\":\"search_term_string\"}}],\"inLanguage\":\"de\"},{\"@type\":\"Organization\",\"@id\":\"https:\/\/accademia-italiana.it\/de\/#organization\",\"name\":\"Italian Language School in Italy, italian language school, italian language courses, language school Italyee\",\"url\":\"https:\/\/accademia-italiana.it\/de\/\",\"logo\":{\"@type\":\"ImageObject\",\"inLanguage\":\"de\",\"@id\":\"https:\/\/accademia-italiana.it\/de\/#\/schema\/logo\/image\/\",\"url\":\"https:\/\/accademia-italiana.it\/wp-content\/uploads\/2024\/04\/logo-accademia-semplice-01-Photoroom.png-Photoroom.svg\",\"contentUrl\":\"https:\/\/accademia-italiana.it\/wp-content\/uploads\/2024\/04\/logo-accademia-semplice-01-Photoroom.png-Photoroom.svg\",\"caption\":\"Italian Language School in Italy, italian language school, italian language courses, language school Italyee\"},\"image\":{\"@id\":\"https:\/\/accademia-italiana.it\/de\/#\/schema\/logo\/image\/\"}}]}<\/script>\n<!-- \/ Yoast SEO plugin. -->","yoast_head_json":{"title":"Lehrmethode - Lerne Italianisch in Salerno | Accademia Italiana","description":"Informationen \u00fcber die didaktische Lehrmethode der Accademia Italiana, auf Grundlage modernster Lehrtechniken der italienischen Sprache f\u00fcr Ausl\u00e4nder","robots":{"index":"index","follow":"follow","max-snippet":"max-snippet:-1","max-image-preview":"max-image-preview:large","max-video-preview":"max-video-preview:-1"},"canonical":"https:\/\/accademia-italiana.it\/de\/unterrichtsmethode-italienischschule\/","og_locale":"de_DE","og_type":"article","og_title":"Lehrmethode - Lerne Italianisch in Salerno | Accademia Italiana","og_description":"Informationen \u00fcber die didaktische Lehrmethode der Accademia Italiana, auf Grundlage modernster Lehrtechniken der italienischen Sprache f\u00fcr Ausl\u00e4nder","og_url":"https:\/\/accademia-italiana.it\/de\/unterrichtsmethode-italienischschule\/","og_site_name":"Accademia Italiana","article_modified_time":"2025-04-29T12:26:24+00:00","og_image":[{"width":800,"height":503,"url":"https:\/\/accademia-italiana.it\/wp-content\/uploads\/2024\/04\/1-1.jpg","type":"image\/jpeg"}],"twitter_card":"summary_large_image","twitter_misc":{"Gesch\u00e4tzte Lesezeit":"1\u00a0Minute"},"schema":{"@context":"https:\/\/schema.org","@graph":[{"@type":"WebPage","@id":"https:\/\/accademia-italiana.it\/de\/unterrichtsmethode-italienischschule\/","url":"https:\/\/accademia-italiana.it\/de\/unterrichtsmethode-italienischschule\/","name":"Lehrmethode - Lerne Italianisch in Salerno | Accademia Italiana","isPartOf":{"@id":"https:\/\/accademia-italiana.it\/de\/#website"},"primaryImageOfPage":{"@id":"https:\/\/accademia-italiana.it\/de\/unterrichtsmethode-italienischschule\/#primaryimage"},"image":{"@id":"https:\/\/accademia-italiana.it\/de\/unterrichtsmethode-italienischschule\/#primaryimage"},"thumbnailUrl":"https:\/\/accademia-italiana.it\/wp-content\/uploads\/2024\/04\/1-1.jpg","datePublished":"2024-04-26T03:19:46+00:00","dateModified":"2025-04-29T12:26:24+00:00","description":"Informationen \u00fcber die didaktische Lehrmethode der Accademia Italiana, auf Grundlage modernster Lehrtechniken der italienischen Sprache f\u00fcr Ausl\u00e4nder","breadcrumb":{"@id":"https:\/\/accademia-italiana.it\/de\/unterrichtsmethode-italienischschule\/#breadcrumb"},"inLanguage":"de","potentialAction":[{"@type":"ReadAction","target":["https:\/\/accademia-italiana.it\/de\/unterrichtsmethode-italienischschule\/"]}]},{"@type":"ImageObject","inLanguage":"de","@id":"https:\/\/accademia-italiana.it\/de\/unterrichtsmethode-italienischschule\/#primaryimage","url":"https:\/\/accademia-italiana.it\/wp-content\/uploads\/2024\/04\/1-1.jpg","contentUrl":"https:\/\/accademia-italiana.it\/wp-content\/uploads\/2024\/04\/1-1.jpg","width":800,"height":503,"caption":"A group of people sit around a table with books and bottles, laughing and clapping. Some have sticky notes on their foreheads. The setting appears to be a casual indoor meeting or workshop."},{"@type":"BreadcrumbList","@id":"https:\/\/accademia-italiana.it\/de\/unterrichtsmethode-italienischschule\/#breadcrumb","itemListElement":[{"@type":"ListItem","position":1,"name":"Home","item":"https:\/\/accademia-italiana.it\/de\/"},{"@type":"ListItem","position":2,"name":"Lehrmethode"}]},{"@type":"WebSite","@id":"https:\/\/accademia-italiana.it\/de\/#website","url":"https:\/\/accademia-italiana.it\/de\/","name":"Accademia Italiana","description":"Italian Language School in Italy","publisher":{"@id":"https:\/\/accademia-italiana.it\/de\/#organization"},"potentialAction":[{"@type":"SearchAction","target":{"@type":"EntryPoint","urlTemplate":"https:\/\/accademia-italiana.it\/de\/?s={search_term_string}"},"query-input":{"@type":"PropertyValueSpecification","valueRequired":true,"valueName":"search_term_string"}}],"inLanguage":"de"},{"@type":"Organization","@id":"https:\/\/accademia-italiana.it\/de\/#organization","name":"Italian Language School in Italy, italian language school, italian language courses, language school Italyee","url":"https:\/\/accademia-italiana.it\/de\/","logo":{"@type":"ImageObject","inLanguage":"de","@id":"https:\/\/accademia-italiana.it\/de\/#\/schema\/logo\/image\/","url":"https:\/\/accademia-italiana.it\/wp-content\/uploads\/2024\/04\/logo-accademia-semplice-01-Photoroom.png-Photoroom.svg","contentUrl":"https:\/\/accademia-italiana.it\/wp-content\/uploads\/2024\/04\/logo-accademia-semplice-01-Photoroom.png-Photoroom.svg","caption":"Italian Language School in Italy, italian language school, italian language courses, language school Italyee"},"image":{"@id":"https:\/\/accademia-italiana.it\/de\/#\/schema\/logo\/image\/"}}]}},"taxonomy_info":[],"featured_image_src_large":["https:\/\/accademia-italiana.it\/wp-content\/uploads\/2024\/04\/1-1.jpg",800,503,false],"author_info":{"display_name":"admin","author_link":"https:\/\/accademia-italiana.it\/de\/author\/hemadmin\/"},"comment_info":"","_links":{"self":[{"href":"https:\/\/accademia-italiana.it\/de\/wp-json\/wp\/v2\/pages\/7268","targetHints":{"allow":["GET"]}}],"collection":[{"href":"https:\/\/accademia-italiana.it\/de\/wp-json\/wp\/v2\/pages"}],"about":[{"href":"https:\/\/accademia-italiana.it\/de\/wp-json\/wp\/v2\/types\/page"}],"author":[{"embeddable":true,"href":"https:\/\/accademia-italiana.it\/de\/wp-json\/wp\/v2\/users\/1"}],"replies":[{"embeddable":true,"href":"https:\/\/accademia-italiana.it\/de\/wp-json\/wp\/v2\/comments?post=7268"}],"version-history":[{"count":0,"href":"https:\/\/accademia-italiana.it\/de\/wp-json\/wp\/v2\/pages\/7268\/revisions"}],"wp:featuredmedia":[{"embeddable":true,"href":"https:\/\/accademia-italiana.it\/de\/wp-json\/wp\/v2\/media\/2200"}],"wp:attachment":[{"href":"https:\/\/accademia-italiana.it\/de\/wp-json\/wp\/v2\/media?parent=7268"}],"wp:term":[{"taxonomy":"school","embeddable":true,"href":"https:\/\/accademia-italiana.it\/de\/wp-json\/wp\/v2\/school?post=7268"}],"curies":[{"name":"wp","href":"https:\/\/api.w.org\/{rel}","templated":true}]}}