{"id":16854,"date":"2025-10-10T13:46:52","date_gmt":"2025-10-10T13:46:52","guid":{"rendered":"https:\/\/accademia-italiana.it\/?page_id=16854"},"modified":"2025-12-03T21:26:18","modified_gmt":"2025-12-03T21:26:18","slug":"bildungsurlaub","status":"publish","type":"page","link":"https:\/\/accademia-italiana.it\/de\/bildungsurlaub\/","title":{"rendered":"Bildungsurlaub"},"content":{"rendered":"\n<p class=\"has-medium-font-size\">Der <a href=\"https:\/\/accademia-italiana.it\/de\/kurse\/italienischsprachkurse\/\">Intensivkurs<\/a> wird in vielen deutschen Bundesl\u00e4ndern generell anerkannt mit der Berechtigung f\u00fcr Bildungsurlaub.<br><strong>Manche L\u00e4nder k\u00f6nnen jedoch eine h\u00f6here Mindestanzahl an Stunden pro Woche verlangen, um sich zu qualifizieren.<\/strong><br>Die Accademia Italiana verf\u00fcgt in zahlreichen L\u00e4ndern [if inside of Germany: Bundesl\u00e4ndern] f\u00fcr diesen Zweck eine offizielle Anerkennung, die den Teilnehmenden erm\u00f6glicht, bezahlten Urlaub f\u00fcr die Zeit des Kursbesuches zu beantragen.<br><br>Wenn Sie Informationen zu L\u00e4ndern ben\u00f6tigen, in denen der Kurs anerkannt wird, sowie zur exakten Anzahl von erforderlichen Stunden oder falls Sie Unterst\u00fctzung bei der Antragstellung ben\u00f6tigen, k\u00f6nnen Sie sich gern bei uns melden.<br><br>Diese Kurse sind in Deutschland als Bildungsurlaub in den folgenden Bundesl\u00e4ndern annerkant:<br><strong>Berlin<\/strong>, <strong>Brandenburg<\/strong>, <strong>Bremen<\/strong>, <strong>Hamburg<\/strong>, <strong>Niedersachsen<\/strong>, <strong>Saarland<\/strong>, <strong>Schleswig-Holstein<\/strong>, <strong>Hessen<\/strong>, <strong>Sachsen-Anhalt<\/strong>, <strong>Rheinland-Pfalz<\/strong>.<\/p>\n\n\n<style>.kb-row-layout-id16854_c407a8-01 > .kt-row-column-wrap{align-content:start;}:where(.kb-row-layout-id16854_c407a8-01 > .kt-row-column-wrap) > .wp-block-kadence-column{justify-content:start;}.kb-row-layout-id16854_c407a8-01 > .kt-row-column-wrap{column-gap:var(--global-kb-gap-md, 2rem);row-gap:var(--global-kb-gap-md, 2rem);max-width:var( --global-content-width, 1400px );padding-left:var(--global-content-edge-padding);padding-right:var(--global-content-edge-padding);padding-top:var(--global-kb-spacing-xl, 4rem);padding-bottom:var(--global-kb-spacing-xl, 4rem);grid-template-columns:minmax(0, calc(55% - ((var(--global-kb-gap-md, 2rem) * 1 )\/2)))minmax(0, calc(45% - ((var(--global-kb-gap-md, 2rem) * 1 )\/2)));}.kb-row-layout-id16854_c407a8-01 > .kt-row-layout-overlay{opacity:0.30;}@media all and (max-width: 1024px){.kb-row-layout-id16854_c407a8-01 > .kt-row-column-wrap{grid-template-columns:repeat(2, minmax(0, 1fr));}}@media all and (max-width: 767px){.kb-row-layout-id16854_c407a8-01 > .kt-row-column-wrap{grid-template-columns:minmax(0, 1fr);}}<\/style><div class=\"kb-row-layout-wrap kb-row-layout-id16854_c407a8-01 alignfull has-theme-palette3-background-color kt-row-has-bg wp-block-kadence-rowlayout\"><div class=\"kt-row-column-wrap kt-has-2-columns kt-row-layout-equal kt-tab-layout-inherit kt-mobile-layout-row kt-row-valign-top kb-theme-content-width\">\n<style>.kadence-column16854_63ab9b-06 > .kt-inside-inner-col{display:flex;}.kadence-column16854_63ab9b-06 > .kt-inside-inner-col,.kadence-column16854_63ab9b-06 > .kt-inside-inner-col:before{border-top-left-radius:0px;border-top-right-radius:0px;border-bottom-right-radius:0px;border-bottom-left-radius:0px;}.kadence-column16854_63ab9b-06 > .kt-inside-inner-col{column-gap:var(--global-kb-gap-sm, 1rem);}.kadence-column16854_63ab9b-06 > .kt-inside-inner-col{flex-direction:column;justify-content:center;}.kadence-column16854_63ab9b-06 > .kt-inside-inner-col > .aligncenter{width:100%;}.kt-row-column-wrap > .kadence-column16854_63ab9b-06{align-self:center;}.kt-inner-column-height-full:not(.kt-has-1-columns) > .wp-block-kadence-column.kadence-column16854_63ab9b-06{align-self:auto;}.kt-inner-column-height-full:not(.kt-has-1-columns) > .wp-block-kadence-column.kadence-column16854_63ab9b-06 > .kt-inside-inner-col{flex-direction:column;justify-content:center;}.kadence-column16854_63ab9b-06 > .kt-inside-inner-col:before{opacity:0.3;}.kadence-column16854_63ab9b-06{position:relative;}@media all and (max-width: 1024px){.kt-row-column-wrap > .kadence-column16854_63ab9b-06{align-self:center;}}@media all and (max-width: 1024px){.kt-inner-column-height-full:not(.kt-has-1-columns) > .wp-block-kadence-column.kadence-column16854_63ab9b-06{align-self:auto;}}@media all and (max-width: 1024px){.kt-inner-column-height-full:not(.kt-has-1-columns) > .wp-block-kadence-column.kadence-column16854_63ab9b-06 > .kt-inside-inner-col{flex-direction:column;justify-content:center;}}@media all and (max-width: 1024px){.kadence-column16854_63ab9b-06 > .kt-inside-inner-col{flex-direction:column;justify-content:center;}}@media all and (max-width: 767px){.kt-row-column-wrap > .kadence-column16854_63ab9b-06{align-self:center;}.kt-inner-column-height-full:not(.kt-has-1-columns) > .wp-block-kadence-column.kadence-column16854_63ab9b-06{align-self:auto;}.kt-inner-column-height-full:not(.kt-has-1-columns) > .wp-block-kadence-column.kadence-column16854_63ab9b-06 > .kt-inside-inner-col{flex-direction:column;justify-content:center;}.kadence-column16854_63ab9b-06 > .kt-inside-inner-col{flex-direction:column;justify-content:center;}}<\/style>\n<div class=\"wp-block-kadence-column kadence-column16854_63ab9b-06\"><div class=\"kt-inside-inner-col\"><\/div><\/div>\n\n\n<style>.kadence-column16854_a1440d-f5 > .kt-inside-inner-col{display:flex;}.kadence-column16854_a1440d-f5 > .kt-inside-inner-col,.kadence-column16854_a1440d-f5 > .kt-inside-inner-col:before{border-top-left-radius:0px;border-top-right-radius:0px;border-bottom-right-radius:0px;border-bottom-left-radius:0px;}.kadence-column16854_a1440d-f5 > .kt-inside-inner-col{row-gap:var(--global-kb-gap-none, 0rem );column-gap:var(--global-kb-gap-sm, 1rem);}.kadence-column16854_a1440d-f5 > .kt-inside-inner-col{flex-direction:column;}.kadence-column16854_a1440d-f5 > .kt-inside-inner-col > .aligncenter{width:100%;}.kadence-column16854_a1440d-f5 > .kt-inside-inner-col:before{opacity:0.3;}.kadence-column16854_a1440d-f5{position:relative;}@media all and (max-width: 1024px){.kadence-column16854_a1440d-f5 > .kt-inside-inner-col{flex-direction:column;justify-content:center;}}@media all and (max-width: 767px){.kadence-column16854_a1440d-f5 > .kt-inside-inner-col{flex-direction:column;justify-content:center;}}<\/style>\n<div class=\"wp-block-kadence-column kadence-column16854_a1440d-f5\"><div class=\"kt-inside-inner-col\"><\/div><\/div>\n\n<\/div><\/div>\n\n\n<p><\/p>\n","protected":false},"excerpt":{"rendered":"<p>Der Intensivkurs wird in vielen deutschen Bundesl\u00e4ndern generell anerkannt mit der Berechtigung f\u00fcr Bildungsurlaub.Manche L\u00e4nder k\u00f6nnen jedoch eine h\u00f6here Mindestanzahl an Stunden pro Woche verlangen, um sich zu qualifizieren.Die Accademia Italiana verf\u00fcgt in zahlreichen L\u00e4ndern [if inside of Germany: Bundesl\u00e4ndern] f\u00fcr diesen Zweck eine offizielle Anerkennung, die den Teilnehmenden erm\u00f6glicht, bezahlten Urlaub f\u00fcr die Zeit&#8230;<\/p>\n","protected":false},"author":4,"featured_media":17029,"parent":0,"menu_order":272,"comment_status":"closed","ping_status":"closed","template":"","meta":{"_acf_changed":false,"_kad_blocks_custom_css":"","_kad_blocks_head_custom_js":"","_kad_blocks_body_custom_js":"","_kad_blocks_footer_custom_js":"","_kad_post_transparent":"","_kad_post_title":"","_kad_post_layout":"","_kad_post_sidebar_id":"","_kad_post_content_style":"","_kad_post_vertical_padding":"","_kad_post_feature":"","_kad_post_feature_position":"","_kad_post_header":false,"_kad_post_footer":false,"footnotes":""},"school":[],"class_list":["post-16854","page","type-page","status-publish","has-post-thumbnail","hentry"],"acf":[],"yoast_head":"<!-- This site is optimized with the Yoast SEO plugin v26.8 - https:\/\/yoast.com\/product\/yoast-seo-wordpress\/ -->\n<title>Bildungsurlaub Italienischkurse in Italien | Accademia Italiana<\/title>\n<meta name=\"description\" content=\"Nutzen Sie Bildungsurlaub f\u00fcr Italienischkurse in Salerno und Neapel. Anerkannte Intensivkurse in mehreren Bundesl\u00e4ndern mit Beratung.\" \/>\n<meta name=\"robots\" content=\"index, follow, max-snippet:-1, max-image-preview:large, max-video-preview:-1\" \/>\n<link rel=\"canonical\" href=\"https:\/\/accademia-italiana.it\/de\/bildungsurlaub\/\" \/>\n<meta property=\"og:locale\" content=\"de_DE\" \/>\n<meta property=\"og:type\" content=\"article\" \/>\n<meta property=\"og:title\" content=\"Bildungsurlaub Italienischkurse in Italien | Accademia Italiana\" \/>\n<meta property=\"og:description\" content=\"Nutzen Sie Bildungsurlaub f\u00fcr Italienischkurse in Salerno und Neapel. Anerkannte Intensivkurse in mehreren Bundesl\u00e4ndern mit Beratung.\" \/>\n<meta property=\"og:url\" content=\"https:\/\/accademia-italiana.it\/de\/bildungsurlaub\/\" \/>\n<meta property=\"og:site_name\" content=\"Accademia Italiana\" \/>\n<meta property=\"article:modified_time\" content=\"2025-12-03T21:26:18+00:00\" \/>\n<meta property=\"og:image\" content=\"https:\/\/accademia-italiana.it\/wp-content\/uploads\/2025\/10\/Bildungsurlaub-1-1024x512.png\" \/>\n\t<meta property=\"og:image:width\" content=\"1024\" \/>\n\t<meta property=\"og:image:height\" content=\"512\" \/>\n\t<meta property=\"og:image:type\" content=\"image\/png\" \/>\n<meta name=\"twitter:card\" content=\"summary_large_image\" \/>\n<meta name=\"twitter:label1\" content=\"Gesch\u00e4tzte Lesezeit\" \/>\n\t<meta name=\"twitter:data1\" content=\"1\u00a0Minute\" \/>\n<script type=\"application\/ld+json\" class=\"yoast-schema-graph\">{\"@context\":\"https:\/\/schema.org\",\"@graph\":[{\"@type\":\"WebPage\",\"@id\":\"https:\/\/accademia-italiana.it\/de\/bildungsurlaub\/\",\"url\":\"https:\/\/accademia-italiana.it\/de\/bildungsurlaub\/\",\"name\":\"Bildungsurlaub Italienischkurse in Italien | Accademia Italiana\",\"isPartOf\":{\"@id\":\"https:\/\/accademia-italiana.it\/de\/#website\"},\"primaryImageOfPage\":{\"@id\":\"https:\/\/accademia-italiana.it\/de\/bildungsurlaub\/#primaryimage\"},\"image\":{\"@id\":\"https:\/\/accademia-italiana.it\/de\/bildungsurlaub\/#primaryimage\"},\"thumbnailUrl\":\"https:\/\/accademia-italiana.it\/wp-content\/uploads\/2025\/10\/Bildungsurlaub-1.png\",\"datePublished\":\"2025-10-10T13:46:52+00:00\",\"dateModified\":\"2025-12-03T21:26:18+00:00\",\"description\":\"Nutzen Sie Bildungsurlaub f\u00fcr Italienischkurse in Salerno und Neapel. Anerkannte Intensivkurse in mehreren Bundesl\u00e4ndern mit Beratung.\",\"breadcrumb\":{\"@id\":\"https:\/\/accademia-italiana.it\/de\/bildungsurlaub\/#breadcrumb\"},\"inLanguage\":\"de\",\"potentialAction\":[{\"@type\":\"ReadAction\",\"target\":[\"https:\/\/accademia-italiana.it\/de\/bildungsurlaub\/\"]}]},{\"@type\":\"ImageObject\",\"inLanguage\":\"de\",\"@id\":\"https:\/\/accademia-italiana.it\/de\/bildungsurlaub\/#primaryimage\",\"url\":\"https:\/\/accademia-italiana.it\/wp-content\/uploads\/2025\/10\/Bildungsurlaub-1.png\",\"contentUrl\":\"https:\/\/accademia-italiana.it\/wp-content\/uploads\/2025\/10\/Bildungsurlaub-1.png\",\"width\":1882,\"height\":941},{\"@type\":\"BreadcrumbList\",\"@id\":\"https:\/\/accademia-italiana.it\/de\/bildungsurlaub\/#breadcrumb\",\"itemListElement\":[{\"@type\":\"ListItem\",\"position\":1,\"name\":\"Home\",\"item\":\"https:\/\/accademia-italiana.it\/de\/\"},{\"@type\":\"ListItem\",\"position\":2,\"name\":\"Bildungsurlaub\"}]},{\"@type\":\"WebSite\",\"@id\":\"https:\/\/accademia-italiana.it\/de\/#website\",\"url\":\"https:\/\/accademia-italiana.it\/de\/\",\"name\":\"Accademia Italiana\",\"description\":\"Italian Language School in Italy\",\"publisher\":{\"@id\":\"https:\/\/accademia-italiana.it\/de\/#organization\"},\"potentialAction\":[{\"@type\":\"SearchAction\",\"target\":{\"@type\":\"EntryPoint\",\"urlTemplate\":\"https:\/\/accademia-italiana.it\/de\/?s={search_term_string}\"},\"query-input\":{\"@type\":\"PropertyValueSpecification\",\"valueRequired\":true,\"valueName\":\"search_term_string\"}}],\"inLanguage\":\"de\"},{\"@type\":\"Organization\",\"@id\":\"https:\/\/accademia-italiana.it\/de\/#organization\",\"name\":\"Italian Language School in Italy, italian language school, italian language courses, language school Italyee\",\"url\":\"https:\/\/accademia-italiana.it\/de\/\",\"logo\":{\"@type\":\"ImageObject\",\"inLanguage\":\"de\",\"@id\":\"https:\/\/accademia-italiana.it\/de\/#\/schema\/logo\/image\/\",\"url\":\"https:\/\/accademia-italiana.it\/wp-content\/uploads\/2024\/04\/logo-accademia-semplice-01-Photoroom.png-Photoroom.svg\",\"contentUrl\":\"https:\/\/accademia-italiana.it\/wp-content\/uploads\/2024\/04\/logo-accademia-semplice-01-Photoroom.png-Photoroom.svg\",\"caption\":\"Italian Language School in Italy, italian language school, italian language courses, language school Italyee\"},\"image\":{\"@id\":\"https:\/\/accademia-italiana.it\/de\/#\/schema\/logo\/image\/\"}}]}<\/script>\n<!-- \/ Yoast SEO plugin. -->","yoast_head_json":{"title":"Bildungsurlaub Italienischkurse in Italien | Accademia Italiana","description":"Nutzen Sie Bildungsurlaub f\u00fcr Italienischkurse in Salerno und Neapel. Anerkannte Intensivkurse in mehreren Bundesl\u00e4ndern mit Beratung.","robots":{"index":"index","follow":"follow","max-snippet":"max-snippet:-1","max-image-preview":"max-image-preview:large","max-video-preview":"max-video-preview:-1"},"canonical":"https:\/\/accademia-italiana.it\/de\/bildungsurlaub\/","og_locale":"de_DE","og_type":"article","og_title":"Bildungsurlaub Italienischkurse in Italien | Accademia Italiana","og_description":"Nutzen Sie Bildungsurlaub f\u00fcr Italienischkurse in Salerno und Neapel. Anerkannte Intensivkurse in mehreren Bundesl\u00e4ndern mit Beratung.","og_url":"https:\/\/accademia-italiana.it\/de\/bildungsurlaub\/","og_site_name":"Accademia Italiana","article_modified_time":"2025-12-03T21:26:18+00:00","og_image":[{"width":1024,"height":512,"url":"https:\/\/accademia-italiana.it\/wp-content\/uploads\/2025\/10\/Bildungsurlaub-1-1024x512.png","type":"image\/png"}],"twitter_card":"summary_large_image","twitter_misc":{"Gesch\u00e4tzte Lesezeit":"1\u00a0Minute"},"schema":{"@context":"https:\/\/schema.org","@graph":[{"@type":"WebPage","@id":"https:\/\/accademia-italiana.it\/de\/bildungsurlaub\/","url":"https:\/\/accademia-italiana.it\/de\/bildungsurlaub\/","name":"Bildungsurlaub Italienischkurse in Italien | Accademia Italiana","isPartOf":{"@id":"https:\/\/accademia-italiana.it\/de\/#website"},"primaryImageOfPage":{"@id":"https:\/\/accademia-italiana.it\/de\/bildungsurlaub\/#primaryimage"},"image":{"@id":"https:\/\/accademia-italiana.it\/de\/bildungsurlaub\/#primaryimage"},"thumbnailUrl":"https:\/\/accademia-italiana.it\/wp-content\/uploads\/2025\/10\/Bildungsurlaub-1.png","datePublished":"2025-10-10T13:46:52+00:00","dateModified":"2025-12-03T21:26:18+00:00","description":"Nutzen Sie Bildungsurlaub f\u00fcr Italienischkurse in Salerno und Neapel. Anerkannte Intensivkurse in mehreren Bundesl\u00e4ndern mit Beratung.","breadcrumb":{"@id":"https:\/\/accademia-italiana.it\/de\/bildungsurlaub\/#breadcrumb"},"inLanguage":"de","potentialAction":[{"@type":"ReadAction","target":["https:\/\/accademia-italiana.it\/de\/bildungsurlaub\/"]}]},{"@type":"ImageObject","inLanguage":"de","@id":"https:\/\/accademia-italiana.it\/de\/bildungsurlaub\/#primaryimage","url":"https:\/\/accademia-italiana.it\/wp-content\/uploads\/2025\/10\/Bildungsurlaub-1.png","contentUrl":"https:\/\/accademia-italiana.it\/wp-content\/uploads\/2025\/10\/Bildungsurlaub-1.png","width":1882,"height":941},{"@type":"BreadcrumbList","@id":"https:\/\/accademia-italiana.it\/de\/bildungsurlaub\/#breadcrumb","itemListElement":[{"@type":"ListItem","position":1,"name":"Home","item":"https:\/\/accademia-italiana.it\/de\/"},{"@type":"ListItem","position":2,"name":"Bildungsurlaub"}]},{"@type":"WebSite","@id":"https:\/\/accademia-italiana.it\/de\/#website","url":"https:\/\/accademia-italiana.it\/de\/","name":"Accademia Italiana","description":"Italian Language School in Italy","publisher":{"@id":"https:\/\/accademia-italiana.it\/de\/#organization"},"potentialAction":[{"@type":"SearchAction","target":{"@type":"EntryPoint","urlTemplate":"https:\/\/accademia-italiana.it\/de\/?s={search_term_string}"},"query-input":{"@type":"PropertyValueSpecification","valueRequired":true,"valueName":"search_term_string"}}],"inLanguage":"de"},{"@type":"Organization","@id":"https:\/\/accademia-italiana.it\/de\/#organization","name":"Italian Language School in Italy, italian language school, italian language courses, language school Italyee","url":"https:\/\/accademia-italiana.it\/de\/","logo":{"@type":"ImageObject","inLanguage":"de","@id":"https:\/\/accademia-italiana.it\/de\/#\/schema\/logo\/image\/","url":"https:\/\/accademia-italiana.it\/wp-content\/uploads\/2024\/04\/logo-accademia-semplice-01-Photoroom.png-Photoroom.svg","contentUrl":"https:\/\/accademia-italiana.it\/wp-content\/uploads\/2024\/04\/logo-accademia-semplice-01-Photoroom.png-Photoroom.svg","caption":"Italian Language School in Italy, italian language school, italian language courses, language school Italyee"},"image":{"@id":"https:\/\/accademia-italiana.it\/de\/#\/schema\/logo\/image\/"}}]}},"taxonomy_info":[],"featured_image_src_large":["https:\/\/accademia-italiana.it\/wp-content\/uploads\/2025\/10\/Bildungsurlaub-1-1024x512.png",1024,512,true],"author_info":{"display_name":"fabiola_AIS","author_link":"https:\/\/accademia-italiana.it\/de\/author\/fabiola_ais\/"},"comment_info":"","_links":{"self":[{"href":"https:\/\/accademia-italiana.it\/de\/wp-json\/wp\/v2\/pages\/16854","targetHints":{"allow":["GET"]}}],"collection":[{"href":"https:\/\/accademia-italiana.it\/de\/wp-json\/wp\/v2\/pages"}],"about":[{"href":"https:\/\/accademia-italiana.it\/de\/wp-json\/wp\/v2\/types\/page"}],"author":[{"embeddable":true,"href":"https:\/\/accademia-italiana.it\/de\/wp-json\/wp\/v2\/users\/4"}],"replies":[{"embeddable":true,"href":"https:\/\/accademia-italiana.it\/de\/wp-json\/wp\/v2\/comments?post=16854"}],"version-history":[{"count":0,"href":"https:\/\/accademia-italiana.it\/de\/wp-json\/wp\/v2\/pages\/16854\/revisions"}],"wp:featuredmedia":[{"embeddable":true,"href":"https:\/\/accademia-italiana.it\/de\/wp-json\/wp\/v2\/media\/17029"}],"wp:attachment":[{"href":"https:\/\/accademia-italiana.it\/de\/wp-json\/wp\/v2\/media?parent=16854"}],"wp:term":[{"taxonomy":"school","embeddable":true,"href":"https:\/\/accademia-italiana.it\/de\/wp-json\/wp\/v2\/school?post=16854"}],"curies":[{"name":"wp","href":"https:\/\/api.w.org\/{rel}","templated":true}]}}